{"id":94,"date":"2025-05-22T07:23:50","date_gmt":"2025-05-22T07:23:50","guid":{"rendered":"https:\/\/entrepreneurship.centre.ubbcluj.ro\/?page_id=94"},"modified":"2025-07-02T07:15:15","modified_gmt":"2025-07-02T07:15:15","slug":"despre-cda","status":"publish","type":"page","link":"https:\/\/entrepreneurship.centre.ubbcluj.ro\/?page_id=94","title":{"rendered":"Despre CdA"},"content":{"rendered":"\t\t<div data-elementor-type=\"wp-page\" data-elementor-id=\"94\" class=\"elementor elementor-94\">\n\t\t\t\t<div class=\"elementor-element elementor-element-9bcc752 e-flex e-con-boxed e-con e-parent\" data-id=\"9bcc752\" data-element_type=\"container\">\n\t\t\t\t\t<div class=\"e-con-inner\">\n\t\t<div class=\"elementor-element elementor-element-6bc11d4 e-con-full e-flex e-con e-child\" data-id=\"6bc11d4\" data-element_type=\"container\">\n\t\t\t\t<\/div>\n\t\t\t\t\t<\/div>\n\t\t\t\t<\/div>\n\t\t<div class=\"elementor-element elementor-element-8f91f77 e-flex e-con-boxed e-con e-parent\" data-id=\"8f91f77\" data-element_type=\"container\">\n\t\t\t\t\t<div class=\"e-con-inner\">\n\t\t<div class=\"elementor-element elementor-element-ee1f90e e-con-full e-flex e-con e-child\" data-id=\"ee1f90e\" data-element_type=\"container\">\n\t\t\t\t<div class=\"elementor-element elementor-element-1fb6858 elementor-widget elementor-widget-spacer\" data-id=\"1fb6858\" data-element_type=\"widget\" data-widget_type=\"spacer.default\">\n\t\t\t\t\t\t\t<div class=\"elementor-spacer\">\n\t\t\t<div class=\"elementor-spacer-inner\"><\/div>\n\t\t<\/div>\n\t\t\t\t\t\t<\/div>\n\t\t\t\t<div class=\"elementor-element elementor-element-0a8b30b elementor-widget elementor-widget-image\" data-id=\"0a8b30b\" data-element_type=\"widget\" data-widget_type=\"image.default\">\n\t\t\t\t\t\t\t\t\t\t\t\t\t\t\t<img fetchpriority=\"high\" decoding=\"async\" width=\"788\" height=\"705\" src=\"https:\/\/entrepreneurship.centre.ubbcluj.ro\/wp-content\/uploads\/2025\/06\/image-122.png.webp\" class=\"attachment-full size-full wp-image-357\" alt=\"\" srcset=\"https:\/\/entrepreneurship.centre.ubbcluj.ro\/wp-content\/uploads\/2025\/06\/image-122.png.webp 788w, https:\/\/entrepreneurship.centre.ubbcluj.ro\/wp-content\/uploads\/2025\/06\/image-122.png-300x268.webp 300w, https:\/\/entrepreneurship.centre.ubbcluj.ro\/wp-content\/uploads\/2025\/06\/image-122.png-768x687.webp 768w\" sizes=\"(max-width: 788px) 100vw, 788px\" \/>\t\t\t\t\t\t\t\t\t\t\t\t\t\t\t<\/div>\n\t\t\t\t<\/div>\n\t\t<div class=\"elementor-element elementor-element-158986e e-con-full e-flex e-con e-child\" data-id=\"158986e\" data-element_type=\"container\">\n\t\t\t\t<div class=\"elementor-element elementor-element-2d8b6b7 elementor-widget elementor-widget-text-editor\" data-id=\"2d8b6b7\" data-element_type=\"widget\" data-widget_type=\"text-editor.default\">\n\t\t\t\t\t\t\t\t\t<p><strong>Centrul de Antreprenoriat al Universit\u0103\u021bii Babe\u0219\u2013Bolyai<\/strong> (CdA) reprezint\u0103 un catalizator esen\u021bial pentru dezvoltarea spiritului antreprenorial \u00een r\u00e2ndul studen\u021bilor, cadrelor didactice, cercet\u0103torilor \u0219i absolven\u021bilor universit\u0103\u021bii. Av\u00e2nd o abordare modern\u0103 \u0219i dinamic\u0103, centrul faciliteaz\u0103 procesul de transformare a ideilor inovatoare \u00een afaceri viabile, oferind suport printr-o gam\u0103 variat\u0103 de resurse \u0219i oportunit\u0103\u021bi.<\/p><p style=\"text-align: left;\">Prin intermediul programelor de mentorat, consultan\u021bei de specialitate, evenimentelor de networking \u0219i accesului la surse de finan\u021bare, CdA creeaz\u0103 un mediu propice dezvolt\u0103rii ini\u021biativelor antreprenoriale. \u00cen plus, colabor\u0103rile cu mediul de afaceri, incubatoarele de startup-uri \u0219i parteneriatele interna\u021bionale asigur\u0103 o integrare eficient\u0103 a viitorilor antreprenori \u00een pia\u021ba global\u0103.<\/p><p style=\"text-align: left;\">Centrul promoveaz\u0103 o cultur\u0103 a inov\u0103rii \u0219i a creativit\u0103\u021bii, \u00eencuraj\u00e2nd g\u00e2ndirea critic\u0103 \u0219i asumarea riscurilor calculate, elemente esen\u021biale pentru succesul \u00een afaceri. Prin activit\u0103\u021bile sale, CdA contribuie la cre\u0219terea competitivit\u0103\u021bii absolven\u021bilor UBB pe pia\u021ba muncii, oferindu-le competen\u021bele necesare pentru a deveni lideri ai viitorului.<br \/>Indiferent dac\u0103 ai o idee de afacere \u0219i nu \u0219tii de unde s\u0103 \u00eencepi sau ai deja un start-up \u0219i vrei s\u0103 \u00eel dezvol\u021bi, Centrul de Antreprenoriat este partenerul t\u0103u de \u00eencredere \u00een aceast\u0103 c\u0103l\u0103torie. Te invit\u0103m s\u0103 descoperi resursele \u0219i oportunit\u0103\u021bile pe care le oferim \u0219i s\u0103 faci parte dintr-o comunitate dedicat\u0103 inov\u0103rii \u0219i succesului antreprenorial.<\/p>\t\t\t\t\t\t\t\t<\/div>\n\t\t\t\t<\/div>\n\t\t\t\t\t<\/div>\n\t\t\t\t<\/div>\n\t\t<div class=\"elementor-element elementor-element-2db928b e-flex e-con-boxed e-con e-parent\" data-id=\"2db928b\" data-element_type=\"container\">\n\t\t\t\t\t<div class=\"e-con-inner\">\n\t\t\t\t<div class=\"elementor-element elementor-element-367d269 elementor-widget elementor-widget-spacer\" data-id=\"367d269\" data-element_type=\"widget\" data-widget_type=\"spacer.default\">\n\t\t\t\t\t\t\t<div class=\"elementor-spacer\">\n\t\t\t<div class=\"elementor-spacer-inner\"><\/div>\n\t\t<\/div>\n\t\t\t\t\t\t<\/div>\n\t\t\t\t\t<\/div>\n\t\t\t\t<\/div>\n\t\t\t\t<\/div>\n\t\t","protected":false},"excerpt":{"rendered":"<p>Centrul de Antreprenoriat al Universit\u0103\u021bii Babe\u0219\u2013Bolyai (CdA) reprezint\u0103 un catalizator esen\u021bial pentru dezvoltarea spiritului antreprenorial \u00een r\u00e2ndul studen\u021bilor, cadrelor didactice, cercet\u0103torilor \u0219i absolven\u021bilor universit\u0103\u021bii. Av\u00e2nd o abordare modern\u0103 \u0219i dinamic\u0103, centrul faciliteaz\u0103 procesul de transformare a ideilor inovatoare \u00een afaceri viabile, oferind suport printr-o gam\u0103 variat\u0103 de resurse \u0219i oportunit\u0103\u021bi. Prin intermediul programelor de mentorat, [&hellip;]<\/p>\n","protected":false},"author":1,"featured_media":0,"parent":0,"menu_order":0,"comment_status":"closed","ping_status":"closed","template":"elementor_header_footer","meta":{"footnotes":""},"class_list":["post-94","page","type-page","status-publish","hentry","entry"],"yoast_head":"<!-- This site is optimized with the Yoast SEO plugin v25.7 - https:\/\/yoast.com\/wordpress\/plugins\/seo\/ -->\n<title>Despre CdA - Centrul de Antreprenoriat\u00a0UBB<\/title>\n<meta name=\"robots\" content=\"index, follow, max-snippet:-1, max-image-preview:large, max-video-preview:-1\" \/>\n<link rel=\"canonical\" href=\"https:\/\/entrepreneurship.centre.ubbcluj.ro\/?page_id=94\" \/>\n<meta property=\"og:locale\" content=\"en_US\" \/>\n<meta property=\"og:type\" content=\"article\" \/>\n<meta property=\"og:title\" content=\"Despre CdA - Centrul de Antreprenoriat\u00a0UBB\" \/>\n<meta property=\"og:description\" content=\"Centrul de Antreprenoriat al Universit\u0103\u021bii Babe\u0219\u2013Bolyai (CdA) reprezint\u0103 un catalizator esen\u021bial pentru dezvoltarea spiritului antreprenorial \u00een r\u00e2ndul studen\u021bilor, cadrelor didactice, cercet\u0103torilor \u0219i absolven\u021bilor universit\u0103\u021bii. Av\u00e2nd o abordare modern\u0103 \u0219i dinamic\u0103, centrul faciliteaz\u0103 procesul de transformare a ideilor inovatoare \u00een afaceri viabile, oferind suport printr-o gam\u0103 variat\u0103 de resurse \u0219i oportunit\u0103\u021bi. Prin intermediul programelor de mentorat, [&hellip;]\" \/>\n<meta property=\"og:url\" content=\"https:\/\/entrepreneurship.centre.ubbcluj.ro\/?page_id=94\" \/>\n<meta property=\"og:site_name\" content=\"Centrul de Antreprenoriat\u00a0UBB\" \/>\n<meta property=\"article:modified_time\" content=\"2025-07-02T07:15:15+00:00\" \/>\n<meta property=\"og:image\" content=\"https:\/\/entrepreneurship.centre.ubbcluj.ro\/wp-content\/uploads\/2025\/06\/image-122.png.webp\" \/>\n\t<meta property=\"og:image:width\" content=\"788\" \/>\n\t<meta property=\"og:image:height\" content=\"705\" \/>\n\t<meta property=\"og:image:type\" content=\"image\/webp\" \/>\n<meta name=\"twitter:card\" content=\"summary_large_image\" \/>\n<meta name=\"twitter:label1\" content=\"Est. reading time\" \/>\n\t<meta name=\"twitter:data1\" content=\"1 minute\" \/>\n<script type=\"application\/ld+json\" class=\"yoast-schema-graph\">{\"@context\":\"https:\/\/schema.org\",\"@graph\":[{\"@type\":\"WebPage\",\"@id\":\"https:\/\/entrepreneurship.centre.ubbcluj.ro\/?page_id=94\",\"url\":\"https:\/\/entrepreneurship.centre.ubbcluj.ro\/?page_id=94\",\"name\":\"Despre CdA - Centrul de Antreprenoriat\u00a0UBB\",\"isPartOf\":{\"@id\":\"https:\/\/entrepreneurship.centre.ubbcluj.ro\/#website\"},\"primaryImageOfPage\":{\"@id\":\"https:\/\/entrepreneurship.centre.ubbcluj.ro\/?page_id=94#primaryimage\"},\"image\":{\"@id\":\"https:\/\/entrepreneurship.centre.ubbcluj.ro\/?page_id=94#primaryimage\"},\"thumbnailUrl\":\"https:\/\/entrepreneurship.centre.ubbcluj.ro\/wp-content\/uploads\/2025\/06\/image-122.png.webp\",\"datePublished\":\"2025-05-22T07:23:50+00:00\",\"dateModified\":\"2025-07-02T07:15:15+00:00\",\"breadcrumb\":{\"@id\":\"https:\/\/entrepreneurship.centre.ubbcluj.ro\/?page_id=94#breadcrumb\"},\"inLanguage\":\"en-US\",\"potentialAction\":[{\"@type\":\"ReadAction\",\"target\":[\"https:\/\/entrepreneurship.centre.ubbcluj.ro\/?page_id=94\"]}]},{\"@type\":\"ImageObject\",\"inLanguage\":\"en-US\",\"@id\":\"https:\/\/entrepreneurship.centre.ubbcluj.ro\/?page_id=94#primaryimage\",\"url\":\"https:\/\/entrepreneurship.centre.ubbcluj.ro\/wp-content\/uploads\/2025\/06\/image-122.png.webp\",\"contentUrl\":\"https:\/\/entrepreneurship.centre.ubbcluj.ro\/wp-content\/uploads\/2025\/06\/image-122.png.webp\",\"width\":788,\"height\":705},{\"@type\":\"BreadcrumbList\",\"@id\":\"https:\/\/entrepreneurship.centre.ubbcluj.ro\/?page_id=94#breadcrumb\",\"itemListElement\":[{\"@type\":\"ListItem\",\"position\":1,\"name\":\"Home\",\"item\":\"https:\/\/entrepreneurship.centre.ubbcluj.ro\/\"},{\"@type\":\"ListItem\",\"position\":2,\"name\":\"Despre CdA\"}]},{\"@type\":\"WebSite\",\"@id\":\"https:\/\/entrepreneurship.centre.ubbcluj.ro\/#website\",\"url\":\"https:\/\/entrepreneurship.centre.ubbcluj.ro\/\",\"name\":\"Centrul de Antreprenoriat\u00a0UBB\",\"description\":\"\",\"publisher\":{\"@id\":\"https:\/\/entrepreneurship.centre.ubbcluj.ro\/#organization\"},\"potentialAction\":[{\"@type\":\"SearchAction\",\"target\":{\"@type\":\"EntryPoint\",\"urlTemplate\":\"https:\/\/entrepreneurship.centre.ubbcluj.ro\/?s={search_term_string}\"},\"query-input\":{\"@type\":\"PropertyValueSpecification\",\"valueRequired\":true,\"valueName\":\"search_term_string\"}}],\"inLanguage\":\"en-US\"},{\"@type\":\"Organization\",\"@id\":\"https:\/\/entrepreneurship.centre.ubbcluj.ro\/#organization\",\"name\":\"Centrul de Antreprenoriat\u00a0UBB\",\"url\":\"https:\/\/entrepreneurship.centre.ubbcluj.ro\/\",\"logo\":{\"@type\":\"ImageObject\",\"inLanguage\":\"en-US\",\"@id\":\"https:\/\/entrepreneurship.centre.ubbcluj.ro\/#\/schema\/logo\/image\/\",\"url\":\"https:\/\/entrepreneurship.centre.ubbcluj.ro\/wp-content\/uploads\/2025\/05\/CdA-LOGO-RO.png\",\"contentUrl\":\"https:\/\/entrepreneurship.centre.ubbcluj.ro\/wp-content\/uploads\/2025\/05\/CdA-LOGO-RO.png\",\"width\":1563,\"height\":482,\"caption\":\"Centrul de Antreprenoriat\u00a0UBB\"},\"image\":{\"@id\":\"https:\/\/entrepreneurship.centre.ubbcluj.ro\/#\/schema\/logo\/image\/\"}}]}<\/script>\n<!-- \/ Yoast SEO plugin. -->","yoast_head_json":{"title":"Despre CdA - Centrul de Antreprenoriat\u00a0UBB","robots":{"index":"index","follow":"follow","max-snippet":"max-snippet:-1","max-image-preview":"max-image-preview:large","max-video-preview":"max-video-preview:-1"},"canonical":"https:\/\/entrepreneurship.centre.ubbcluj.ro\/?page_id=94","og_locale":"en_US","og_type":"article","og_title":"Despre CdA - Centrul de Antreprenoriat\u00a0UBB","og_description":"Centrul de Antreprenoriat al Universit\u0103\u021bii Babe\u0219\u2013Bolyai (CdA) reprezint\u0103 un catalizator esen\u021bial pentru dezvoltarea spiritului antreprenorial \u00een r\u00e2ndul studen\u021bilor, cadrelor didactice, cercet\u0103torilor \u0219i absolven\u021bilor universit\u0103\u021bii. Av\u00e2nd o abordare modern\u0103 \u0219i dinamic\u0103, centrul faciliteaz\u0103 procesul de transformare a ideilor inovatoare \u00een afaceri viabile, oferind suport printr-o gam\u0103 variat\u0103 de resurse \u0219i oportunit\u0103\u021bi. Prin intermediul programelor de mentorat, [&hellip;]","og_url":"https:\/\/entrepreneurship.centre.ubbcluj.ro\/?page_id=94","og_site_name":"Centrul de Antreprenoriat\u00a0UBB","article_modified_time":"2025-07-02T07:15:15+00:00","og_image":[{"width":788,"height":705,"url":"https:\/\/entrepreneurship.centre.ubbcluj.ro\/wp-content\/uploads\/2025\/06\/image-122.png.webp","type":"image\/webp"}],"twitter_card":"summary_large_image","twitter_misc":{"Est. reading time":"1 minute"},"schema":{"@context":"https:\/\/schema.org","@graph":[{"@type":"WebPage","@id":"https:\/\/entrepreneurship.centre.ubbcluj.ro\/?page_id=94","url":"https:\/\/entrepreneurship.centre.ubbcluj.ro\/?page_id=94","name":"Despre CdA - Centrul de Antreprenoriat\u00a0UBB","isPartOf":{"@id":"https:\/\/entrepreneurship.centre.ubbcluj.ro\/#website"},"primaryImageOfPage":{"@id":"https:\/\/entrepreneurship.centre.ubbcluj.ro\/?page_id=94#primaryimage"},"image":{"@id":"https:\/\/entrepreneurship.centre.ubbcluj.ro\/?page_id=94#primaryimage"},"thumbnailUrl":"https:\/\/entrepreneurship.centre.ubbcluj.ro\/wp-content\/uploads\/2025\/06\/image-122.png.webp","datePublished":"2025-05-22T07:23:50+00:00","dateModified":"2025-07-02T07:15:15+00:00","breadcrumb":{"@id":"https:\/\/entrepreneurship.centre.ubbcluj.ro\/?page_id=94#breadcrumb"},"inLanguage":"en-US","potentialAction":[{"@type":"ReadAction","target":["https:\/\/entrepreneurship.centre.ubbcluj.ro\/?page_id=94"]}]},{"@type":"ImageObject","inLanguage":"en-US","@id":"https:\/\/entrepreneurship.centre.ubbcluj.ro\/?page_id=94#primaryimage","url":"https:\/\/entrepreneurship.centre.ubbcluj.ro\/wp-content\/uploads\/2025\/06\/image-122.png.webp","contentUrl":"https:\/\/entrepreneurship.centre.ubbcluj.ro\/wp-content\/uploads\/2025\/06\/image-122.png.webp","width":788,"height":705},{"@type":"BreadcrumbList","@id":"https:\/\/entrepreneurship.centre.ubbcluj.ro\/?page_id=94#breadcrumb","itemListElement":[{"@type":"ListItem","position":1,"name":"Home","item":"https:\/\/entrepreneurship.centre.ubbcluj.ro\/"},{"@type":"ListItem","position":2,"name":"Despre CdA"}]},{"@type":"WebSite","@id":"https:\/\/entrepreneurship.centre.ubbcluj.ro\/#website","url":"https:\/\/entrepreneurship.centre.ubbcluj.ro\/","name":"Centrul de Antreprenoriat\u00a0UBB","description":"","publisher":{"@id":"https:\/\/entrepreneurship.centre.ubbcluj.ro\/#organization"},"potentialAction":[{"@type":"SearchAction","target":{"@type":"EntryPoint","urlTemplate":"https:\/\/entrepreneurship.centre.ubbcluj.ro\/?s={search_term_string}"},"query-input":{"@type":"PropertyValueSpecification","valueRequired":true,"valueName":"search_term_string"}}],"inLanguage":"en-US"},{"@type":"Organization","@id":"https:\/\/entrepreneurship.centre.ubbcluj.ro\/#organization","name":"Centrul de Antreprenoriat\u00a0UBB","url":"https:\/\/entrepreneurship.centre.ubbcluj.ro\/","logo":{"@type":"ImageObject","inLanguage":"en-US","@id":"https:\/\/entrepreneurship.centre.ubbcluj.ro\/#\/schema\/logo\/image\/","url":"https:\/\/entrepreneurship.centre.ubbcluj.ro\/wp-content\/uploads\/2025\/05\/CdA-LOGO-RO.png","contentUrl":"https:\/\/entrepreneurship.centre.ubbcluj.ro\/wp-content\/uploads\/2025\/05\/CdA-LOGO-RO.png","width":1563,"height":482,"caption":"Centrul de Antreprenoriat\u00a0UBB"},"image":{"@id":"https:\/\/entrepreneurship.centre.ubbcluj.ro\/#\/schema\/logo\/image\/"}}]}},"rttpg_featured_image_url":null,"rttpg_author":{"display_name":"centru_antreprenor","author_link":"https:\/\/entrepreneurship.centre.ubbcluj.ro\/?author=1"},"rttpg_comment":0,"rttpg_category":" <a href=\"https:\/\/entrepreneurship.centre.ubbcluj.ro\/\" rel=\"tag\">Rom\u00e2n\u0103<\/a>","rttpg_excerpt":"Centrul de Antreprenoriat al Universit\u0103\u021bii Babe\u0219\u2013Bolyai (CdA) reprezint\u0103 un catalizator esen\u021bial pentru dezvoltarea spiritului antreprenorial \u00een r\u00e2ndul studen\u021bilor, cadrelor didactice, cercet\u0103torilor \u0219i absolven\u021bilor universit\u0103\u021bii. Av\u00e2nd o abordare modern\u0103 \u0219i dinamic\u0103, centrul faciliteaz\u0103 procesul de transformare a ideilor inovatoare \u00een afaceri viabile, oferind suport printr-o gam\u0103 variat\u0103 de resurse \u0219i oportunit\u0103\u021bi. Prin intermediul programelor de mentorat,&hellip;","_links":{"self":[{"href":"https:\/\/entrepreneurship.centre.ubbcluj.ro\/index.php?rest_route=\/wp\/v2\/pages\/94","targetHints":{"allow":["GET"]}}],"collection":[{"href":"https:\/\/entrepreneurship.centre.ubbcluj.ro\/index.php?rest_route=\/wp\/v2\/pages"}],"about":[{"href":"https:\/\/entrepreneurship.centre.ubbcluj.ro\/index.php?rest_route=\/wp\/v2\/types\/page"}],"author":[{"embeddable":true,"href":"https:\/\/entrepreneurship.centre.ubbcluj.ro\/index.php?rest_route=\/wp\/v2\/users\/1"}],"replies":[{"embeddable":true,"href":"https:\/\/entrepreneurship.centre.ubbcluj.ro\/index.php?rest_route=%2Fwp%2Fv2%2Fcomments&post=94"}],"version-history":[{"count":16,"href":"https:\/\/entrepreneurship.centre.ubbcluj.ro\/index.php?rest_route=\/wp\/v2\/pages\/94\/revisions"}],"predecessor-version":[{"id":659,"href":"https:\/\/entrepreneurship.centre.ubbcluj.ro\/index.php?rest_route=\/wp\/v2\/pages\/94\/revisions\/659"}],"wp:attachment":[{"href":"https:\/\/entrepreneurship.centre.ubbcluj.ro\/index.php?rest_route=%2Fwp%2Fv2%2Fmedia&parent=94"}],"curies":[{"name":"wp","href":"https:\/\/api.w.org\/{rel}","templated":true}]}}