{"id":857,"date":"2025-07-10T09:18:27","date_gmt":"2025-07-10T09:18:27","guid":{"rendered":"https:\/\/entrepreneurship.centre.ubbcluj.ro\/?page_id=857"},"modified":"2025-07-18T09:28:38","modified_gmt":"2025-07-18T09:28:38","slug":"cda-csapat","status":"publish","type":"page","link":"https:\/\/entrepreneurship.centre.ubbcluj.ro\/?page_id=857&lang=hu","title":{"rendered":"CdA Csapat"},"content":{"rendered":"\t\t<div data-elementor-type=\"wp-page\" data-elementor-id=\"857\" class=\"elementor elementor-857\">\n\t\t\t\t<div class=\"elementor-element elementor-element-79449331 e-flex e-con-boxed e-con e-parent\" data-id=\"79449331\" data-element_type=\"container\">\n\t\t\t\t\t<div class=\"e-con-inner\">\n\t\t\t\t\t<\/div>\n\t\t\t\t<\/div>\n\t\t<div class=\"elementor-element elementor-element-68afbc1b e-flex e-con-boxed e-con e-parent\" data-id=\"68afbc1b\" data-element_type=\"container\">\n\t\t\t\t\t<div class=\"e-con-inner\">\n\t\t<div class=\"elementor-element elementor-element-7d95cf07 e-con-full e-flex e-con e-child\" data-id=\"7d95cf07\" data-element_type=\"container\">\n\t\t\t\t<div class=\"elementor-element elementor-element-173fae4b elementor-widget elementor-widget-image\" data-id=\"173fae4b\" data-element_type=\"widget\" data-widget_type=\"image.default\">\n\t\t\t\t\t\t\t\t\t\t\t\t\t\t\t<img fetchpriority=\"high\" decoding=\"async\" width=\"1024\" height=\"954\" src=\"https:\/\/entrepreneurship.centre.ubbcluj.ro\/wp-content\/uploads\/2025\/07\/Levente-Szasz-Photo-Site-CdA-1024x954.jpeg\" class=\"attachment-large size-large wp-image-1534\" alt=\"\" srcset=\"https:\/\/entrepreneurship.centre.ubbcluj.ro\/wp-content\/uploads\/2025\/07\/Levente-Szasz-Photo-Site-CdA-1024x954.jpeg 1024w, https:\/\/entrepreneurship.centre.ubbcluj.ro\/wp-content\/uploads\/2025\/07\/Levente-Szasz-Photo-Site-CdA-300x280.jpeg 300w, https:\/\/entrepreneurship.centre.ubbcluj.ro\/wp-content\/uploads\/2025\/07\/Levente-Szasz-Photo-Site-CdA-768x716.jpeg 768w, https:\/\/entrepreneurship.centre.ubbcluj.ro\/wp-content\/uploads\/2025\/07\/Levente-Szasz-Photo-Site-CdA.jpeg 1072w\" sizes=\"(max-width: 1024px) 100vw, 1024px\" \/>\t\t\t\t\t\t\t\t\t\t\t\t\t\t\t<\/div>\n\t\t\t\t<\/div>\n\t\t<div class=\"elementor-element elementor-element-23fb8570 e-con-full e-flex e-con e-child\" data-id=\"23fb8570\" data-element_type=\"container\">\n\t\t\t\t<div class=\"elementor-element elementor-element-71964391 elementor-widget elementor-widget-text-editor\" data-id=\"71964391\" data-element_type=\"widget\" data-widget_type=\"text-editor.default\">\n\t\t\t\t\t\t\t\t\t<h3 class=\"MsoNormal\"><span style=\"color: #3e4bb8;\"><b>SZ\u00c1S<\/b><\/span><span style=\"color: #3e4bb8;\"><b>Z Levente<\/b><\/span><\/h3><h5 class=\"MsoNormal\"><span style=\"color: #3e4bb8;\"><b>V\u00e1llalkoz\u00e1sfejleszt\u00e9s\u00e9rt \u00e9s min\u0151s\u00e9gbiztos\u00edt\u00e1s\u00e9rt felel\u0151s rektorhelyettes<br \/><\/b><\/span><\/h5><p class=\"MsoNormal\" style=\"text-align: left;\">Dr. Sz\u00e1sz Levente a kolozsv\u00e1ri Babe\u0219-Bolyai Tudom\u00e1nyegyetem (BBTE) magyar tagozatos rektorhelyettese, vezet\u0151i munk\u00e1ja sor\u00e1n a v\u00e1llalkoz\u00e1sok \u00e9s a min\u0151s\u00e9gbiztos\u00edt\u00e1s ter\u00fclet\u00e9\u00e9rt felel. Egyetemi tan\u00e1rk\u00e9nt a BBTE K\u00f6zgazdas\u00e1g- \u00e9s Gazd\u00e1lkod\u00e1studom\u00e1nyi Kar\u00e1n oktat els\u0151sorban v\u00e1llalati menedzsmenthez kapcsol\u00f3d\u00f3 t\u00e1rgyakat, kutat\u00e1si ter\u00fclete pedig a digitaliz\u00e1ci\u00f3 \u00e9s Ipar 4.0 megold\u00e1sok v\u00e1llalati alkalmaz\u00e1s\u00e1ra f\u00f3kusz\u00e1l. Kor\u00e1bban t\u00f6bb mint 8 \u00e9vig a K\u00f6zgazdas\u00e1g- \u00e9s Gazd\u00e1lkod\u00e1studom\u00e1nyi Kar v\u00e1llalati kapcsolatok\u00e9rt, a tudom\u00e1nyos kutat\u00e1s\u00e9rt, valamint a di\u00e1kversenyek\u00e9rt \u00e9s di\u00e1k\u00f6szt\u00f6nd\u00edjak\u00e9rt felel\u0151s d\u00e9k\u00e1nhelyettese. Folyamatosan akt\u00edv szerepet v\u00e1llal a kar magyar tagozatos k\u00f6zgazd\u00e1sz hallgat\u00f3inak nemzetk\u00f6zi versenyekre val\u00f3 felk\u00e9sz\u00edt\u00e9s\u00e9ben. Az egyetem keretein bel\u00fcl a \u201eRomanian Economic Monitor\u201d kutat\u00e1si projekt elind\u00edt\u00f3ja \u00e9s koordin\u00e1tora, amelyen bel\u00fcl kutat\u00f3t\u00e1rsaival egy\u00fctt aktu\u00e1lis gazdas\u00e1gi k\u00e9rd\u00e9sek elemz\u00e9s\u00e9vel foglalkoznak, az eredm\u00e9nyeket pedig modern adatvizualiz\u00e1ci\u00f3s eszk\u00f6z\u00f6k seg\u00edts\u00e9g\u00e9vel teszik k\u00f6zz\u00e9 k\u00f6z\u00e9rthet\u0151 \u00e9s mindenki sz\u00e1m\u00e1ra ingyenesen el\u00e9rhet\u0151 m\u00f3don.<\/p>\t\t\t\t\t\t\t\t<\/div>\n\t\t\t\t<\/div>\n\t\t\t\t\t<\/div>\n\t\t\t\t<\/div>\n\t\t<div class=\"elementor-element elementor-element-13f260a e-flex e-con-boxed e-con e-parent\" data-id=\"13f260a\" data-element_type=\"container\">\n\t\t\t\t\t<div class=\"e-con-inner\">\n\t\t\t\t\t<\/div>\n\t\t\t\t<\/div>\n\t\t<div class=\"elementor-element elementor-element-5c3ab9d e-flex e-con-boxed e-con e-parent\" data-id=\"5c3ab9d\" data-element_type=\"container\">\n\t\t\t\t\t<div class=\"e-con-inner\">\n\t\t<div class=\"elementor-element elementor-element-093589e e-con-full e-flex e-con e-child\" data-id=\"093589e\" data-element_type=\"container\">\n\t\t\t\t<div class=\"elementor-element elementor-element-f3865e2 elementor-widget elementor-widget-image\" data-id=\"f3865e2\" data-element_type=\"widget\" data-widget_type=\"image.default\">\n\t\t\t\t\t\t\t\t\t\t\t\t\t\t\t<img decoding=\"async\" width=\"1024\" height=\"1024\" src=\"https:\/\/entrepreneurship.centre.ubbcluj.ro\/wp-content\/uploads\/2025\/07\/istvan11-1024x1024.png\" class=\"attachment-large size-large wp-image-1545\" alt=\"\" srcset=\"https:\/\/entrepreneurship.centre.ubbcluj.ro\/wp-content\/uploads\/2025\/07\/istvan11-1024x1024.png 1024w, https:\/\/entrepreneurship.centre.ubbcluj.ro\/wp-content\/uploads\/2025\/07\/istvan11-300x300.png 300w, https:\/\/entrepreneurship.centre.ubbcluj.ro\/wp-content\/uploads\/2025\/07\/istvan11-150x150.png 150w, https:\/\/entrepreneurship.centre.ubbcluj.ro\/wp-content\/uploads\/2025\/07\/istvan11-768x768.png 768w, https:\/\/entrepreneurship.centre.ubbcluj.ro\/wp-content\/uploads\/2025\/07\/istvan11-600x600.png 600w, https:\/\/entrepreneurship.centre.ubbcluj.ro\/wp-content\/uploads\/2025\/07\/istvan11.png 1365w\" sizes=\"(max-width: 1024px) 100vw, 1024px\" \/>\t\t\t\t\t\t\t\t\t\t\t\t\t\t\t<\/div>\n\t\t\t\t<\/div>\n\t\t<div class=\"elementor-element elementor-element-840757a e-con-full e-flex e-con e-child\" data-id=\"840757a\" data-element_type=\"container\">\n\t\t\t\t<div class=\"elementor-element elementor-element-e6b28db elementor-widget elementor-widget-text-editor\" data-id=\"e6b28db\" data-element_type=\"widget\" data-widget_type=\"text-editor.default\">\n\t\t\t\t\t\t\t\t\t<h3><strong><span style=\"color: #3e4bb8;\">PAP Istv\u00e1n<\/span><\/strong><\/h3><h5><strong><span style=\"color: #3e4bb8;\">A BBTE V\u00e1llalkoz\u00f3i K\u00f6zpontj\u00e1nak v\u00e1llalkoz\u00e1sfejleszt\u00e9si referense<\/span> <\/strong><\/h5><p>PAP Istv\u00e1n eredm\u00e9nyorient\u00e1lt szakember, aki interdiszciplin\u00e1ris tapasztalattal rendelkezik a v\u00e1llalkoz\u00e1sfejleszt\u00e9s, technol\u00f3gia-transzfer, tudom\u00e1nyos kutat\u00e1s, informatika \u00e9s projektmenedzsment ter\u00fclet\u00e9n. V\u00e1llalkoz\u00e1sfejleszt\u00e9si referensk\u00e9nt a BBTE V\u00e1llalkoz\u00f3i K\u00f6zpontj\u00e1nak tev\u00e9kenys\u00e9g\u00e9t koordin\u00e1lja, hozz\u00e1j\u00e1rulva az \u00f6tletek \u00e9letk\u00e9pes kezdem\u00e9nyez\u00e9sekk\u00e9 t\u00f6rt\u00e9n\u0151 \u00e1talak\u00edt\u00e1s\u00e1hoz, valamint azok \u00f6sszekapcsol\u00e1s\u00e1hoz val\u00f3di finansz\u00edroz\u00e1si forr\u00e1sokkal, know-how-val \u00e9s piaci lehet\u0151s\u00e9gekkel. Kiv\u00e1l\u00f3s\u00e1gi v\u00e1llalkoz\u00f3i programokat v\u00e9gzett a Babson College-ban (Boston, USA), az EUTOPIA-h\u00e1l\u00f3zatban (Sv\u00e9dorsz\u00e1g), valamint szakter\u00fcleti tanfolyamokat a Babe\u0219\u2013Bolyai Tudom\u00e1nyegyetemen. Hazai \u00e9s nemzetk\u00f6zi projekteket ir\u00e1ny\u00edtott, jelent\u0151s finansz\u00edroz\u00e1st vonzott be, \u00e9s gyakorlati szak\u00e9rtelmet biztos\u00edtott az innov\u00e1ci\u00f3 \u00e9s a fiatalok fejleszt\u00e9se ter\u00e9n konkr\u00e9t kezdem\u00e9nyez\u00e9sek r\u00e9v\u00e9n. Tev\u00e9kenys\u00e9ge r\u00e9v\u00e9n PAP Istv\u00e1n egy befogad\u00f3 \u00e9s fenntarthat\u00f3 akad\u00e9miai v\u00e1llalkoz\u00f3i k\u00f6rnyezet \u00e9p\u00edt\u00e9s\u00e9t t\u00e1mogatja, ahol az \u00f6tletekb\u0151l val\u00f3di kezdem\u00e9nyez\u00e9sek sz\u00fcletnek, \u00e9s ahol a BBTE di\u00e1kjai, munkat\u00e1rsai \u00e9s \u00f6regdi\u00e1kjai konkr\u00e9t t\u00e1mogat\u00e1st kapnak v\u00edzi\u00f3juk megval\u00f3s\u00edt\u00e1s\u00e1hoz.<\/p>\t\t\t\t\t\t\t\t<\/div>\n\t\t\t\t<\/div>\n\t\t\t\t\t<\/div>\n\t\t\t\t<\/div>\n\t\t\t\t<\/div>\n\t\t","protected":false},"excerpt":{"rendered":"<p>SZ\u00c1SZ Levente V\u00e1llalkoz\u00e1sfejleszt\u00e9s\u00e9rt \u00e9s min\u0151s\u00e9gbiztos\u00edt\u00e1s\u00e9rt felel\u0151s rektorhelyettes Dr. Sz\u00e1sz Levente a kolozsv\u00e1ri Babe\u0219-Bolyai Tudom\u00e1nyegyetem (BBTE) magyar tagozatos rektorhelyettese, vezet\u0151i munk\u00e1ja sor\u00e1n a v\u00e1llalkoz\u00e1sok \u00e9s a min\u0151s\u00e9gbiztos\u00edt\u00e1s ter\u00fclet\u00e9\u00e9rt felel. Egyetemi tan\u00e1rk\u00e9nt a BBTE K\u00f6zgazdas\u00e1g- \u00e9s Gazd\u00e1lkod\u00e1studom\u00e1nyi Kar\u00e1n oktat els\u0151sorban v\u00e1llalati menedzsmenthez kapcsol\u00f3d\u00f3 t\u00e1rgyakat, kutat\u00e1si ter\u00fclete pedig a digitaliz\u00e1ci\u00f3 \u00e9s Ipar 4.0 megold\u00e1sok v\u00e1llalati alkalmaz\u00e1s\u00e1ra f\u00f3kusz\u00e1l. Kor\u00e1bban [&hellip;]<\/p>\n","protected":false},"author":1,"featured_media":0,"parent":0,"menu_order":0,"comment_status":"closed","ping_status":"closed","template":"elementor_header_footer","meta":{"footnotes":""},"class_list":["post-857","page","type-page","status-publish","hentry","entry"],"yoast_head":"<!-- This site is optimized with the Yoast SEO plugin v25.7 - https:\/\/yoast.com\/wordpress\/plugins\/seo\/ -->\n<title>CdA Csapat - Centrul de Antreprenoriat\u00a0UBB<\/title>\n<meta name=\"robots\" content=\"index, follow, max-snippet:-1, max-image-preview:large, max-video-preview:-1\" \/>\n<link rel=\"canonical\" href=\"https:\/\/entrepreneurship.centre.ubbcluj.ro\/?page_id=857&lang=hu\" \/>\n<meta property=\"og:locale\" content=\"en_US\" \/>\n<meta property=\"og:type\" content=\"article\" \/>\n<meta property=\"og:title\" content=\"CdA Csapat - Centrul de Antreprenoriat\u00a0UBB\" \/>\n<meta property=\"og:description\" content=\"SZ\u00c1SZ Levente V\u00e1llalkoz\u00e1sfejleszt\u00e9s\u00e9rt \u00e9s min\u0151s\u00e9gbiztos\u00edt\u00e1s\u00e9rt felel\u0151s rektorhelyettes Dr. Sz\u00e1sz Levente a kolozsv\u00e1ri Babe\u0219-Bolyai Tudom\u00e1nyegyetem (BBTE) magyar tagozatos rektorhelyettese, vezet\u0151i munk\u00e1ja sor\u00e1n a v\u00e1llalkoz\u00e1sok \u00e9s a min\u0151s\u00e9gbiztos\u00edt\u00e1s ter\u00fclet\u00e9\u00e9rt felel. Egyetemi tan\u00e1rk\u00e9nt a BBTE K\u00f6zgazdas\u00e1g- \u00e9s Gazd\u00e1lkod\u00e1studom\u00e1nyi Kar\u00e1n oktat els\u0151sorban v\u00e1llalati menedzsmenthez kapcsol\u00f3d\u00f3 t\u00e1rgyakat, kutat\u00e1si ter\u00fclete pedig a digitaliz\u00e1ci\u00f3 \u00e9s Ipar 4.0 megold\u00e1sok v\u00e1llalati alkalmaz\u00e1s\u00e1ra f\u00f3kusz\u00e1l. Kor\u00e1bban [&hellip;]\" \/>\n<meta property=\"og:url\" content=\"https:\/\/entrepreneurship.centre.ubbcluj.ro\/?page_id=857&amp;lang=hu\" \/>\n<meta property=\"og:site_name\" content=\"Centrul de Antreprenoriat\u00a0UBB\" \/>\n<meta property=\"article:modified_time\" content=\"2025-07-18T09:28:38+00:00\" \/>\n<meta property=\"og:image\" content=\"https:\/\/entrepreneurship.centre.ubbcluj.ro\/wp-content\/uploads\/2025\/07\/Levente-Szasz-Photo-Site-CdA.jpeg\" \/>\n\t<meta property=\"og:image:width\" content=\"1072\" \/>\n\t<meta property=\"og:image:height\" content=\"999\" \/>\n\t<meta property=\"og:image:type\" content=\"image\/jpeg\" \/>\n<meta name=\"twitter:card\" content=\"summary_large_image\" \/>\n<meta name=\"twitter:label1\" content=\"Est. reading time\" \/>\n\t<meta name=\"twitter:data1\" content=\"2 minutes\" \/>\n<script type=\"application\/ld+json\" class=\"yoast-schema-graph\">{\"@context\":\"https:\/\/schema.org\",\"@graph\":[{\"@type\":\"WebPage\",\"@id\":\"https:\/\/entrepreneurship.centre.ubbcluj.ro\/?page_id=857&lang=hu\",\"url\":\"https:\/\/entrepreneurship.centre.ubbcluj.ro\/?page_id=857&lang=hu\",\"name\":\"CdA Csapat - Centrul de Antreprenoriat\u00a0UBB\",\"isPartOf\":{\"@id\":\"https:\/\/entrepreneurship.centre.ubbcluj.ro\/#website\"},\"primaryImageOfPage\":{\"@id\":\"https:\/\/entrepreneurship.centre.ubbcluj.ro\/?page_id=857&lang=hu#primaryimage\"},\"image\":{\"@id\":\"https:\/\/entrepreneurship.centre.ubbcluj.ro\/?page_id=857&lang=hu#primaryimage\"},\"thumbnailUrl\":\"https:\/\/entrepreneurship.centre.ubbcluj.ro\/wp-content\/uploads\/2025\/07\/Levente-Szasz-Photo-Site-CdA-1024x954.jpeg\",\"datePublished\":\"2025-07-10T09:18:27+00:00\",\"dateModified\":\"2025-07-18T09:28:38+00:00\",\"breadcrumb\":{\"@id\":\"https:\/\/entrepreneurship.centre.ubbcluj.ro\/?page_id=857&lang=hu#breadcrumb\"},\"inLanguage\":\"en-US\",\"potentialAction\":[{\"@type\":\"ReadAction\",\"target\":[\"https:\/\/entrepreneurship.centre.ubbcluj.ro\/?page_id=857&lang=hu\"]}]},{\"@type\":\"ImageObject\",\"inLanguage\":\"en-US\",\"@id\":\"https:\/\/entrepreneurship.centre.ubbcluj.ro\/?page_id=857&lang=hu#primaryimage\",\"url\":\"https:\/\/entrepreneurship.centre.ubbcluj.ro\/wp-content\/uploads\/2025\/07\/Levente-Szasz-Photo-Site-CdA.jpeg\",\"contentUrl\":\"https:\/\/entrepreneurship.centre.ubbcluj.ro\/wp-content\/uploads\/2025\/07\/Levente-Szasz-Photo-Site-CdA.jpeg\",\"width\":1072,\"height\":999},{\"@type\":\"BreadcrumbList\",\"@id\":\"https:\/\/entrepreneurship.centre.ubbcluj.ro\/?page_id=857&lang=hu#breadcrumb\",\"itemListElement\":[{\"@type\":\"ListItem\",\"position\":1,\"name\":\"Home\",\"item\":\"https:\/\/entrepreneurship.centre.ubbcluj.ro\/\"},{\"@type\":\"ListItem\",\"position\":2,\"name\":\"CdA Csapat\"}]},{\"@type\":\"WebSite\",\"@id\":\"https:\/\/entrepreneurship.centre.ubbcluj.ro\/#website\",\"url\":\"https:\/\/entrepreneurship.centre.ubbcluj.ro\/\",\"name\":\"Centrul de Antreprenoriat\u00a0UBB\",\"description\":\"\",\"publisher\":{\"@id\":\"https:\/\/entrepreneurship.centre.ubbcluj.ro\/#organization\"},\"potentialAction\":[{\"@type\":\"SearchAction\",\"target\":{\"@type\":\"EntryPoint\",\"urlTemplate\":\"https:\/\/entrepreneurship.centre.ubbcluj.ro\/?s={search_term_string}\"},\"query-input\":{\"@type\":\"PropertyValueSpecification\",\"valueRequired\":true,\"valueName\":\"search_term_string\"}}],\"inLanguage\":\"en-US\"},{\"@type\":\"Organization\",\"@id\":\"https:\/\/entrepreneurship.centre.ubbcluj.ro\/#organization\",\"name\":\"Centrul de Antreprenoriat\u00a0UBB\",\"url\":\"https:\/\/entrepreneurship.centre.ubbcluj.ro\/\",\"logo\":{\"@type\":\"ImageObject\",\"inLanguage\":\"en-US\",\"@id\":\"https:\/\/entrepreneurship.centre.ubbcluj.ro\/#\/schema\/logo\/image\/\",\"url\":\"https:\/\/entrepreneurship.centre.ubbcluj.ro\/wp-content\/uploads\/2025\/05\/CdA-LOGO-RO.png\",\"contentUrl\":\"https:\/\/entrepreneurship.centre.ubbcluj.ro\/wp-content\/uploads\/2025\/05\/CdA-LOGO-RO.png\",\"width\":1563,\"height\":482,\"caption\":\"Centrul de Antreprenoriat\u00a0UBB\"},\"image\":{\"@id\":\"https:\/\/entrepreneurship.centre.ubbcluj.ro\/#\/schema\/logo\/image\/\"}}]}<\/script>\n<!-- \/ Yoast SEO plugin. -->","yoast_head_json":{"title":"CdA Csapat - Centrul de Antreprenoriat\u00a0UBB","robots":{"index":"index","follow":"follow","max-snippet":"max-snippet:-1","max-image-preview":"max-image-preview:large","max-video-preview":"max-video-preview:-1"},"canonical":"https:\/\/entrepreneurship.centre.ubbcluj.ro\/?page_id=857&lang=hu","og_locale":"en_US","og_type":"article","og_title":"CdA Csapat - Centrul de Antreprenoriat\u00a0UBB","og_description":"SZ\u00c1SZ Levente V\u00e1llalkoz\u00e1sfejleszt\u00e9s\u00e9rt \u00e9s min\u0151s\u00e9gbiztos\u00edt\u00e1s\u00e9rt felel\u0151s rektorhelyettes Dr. Sz\u00e1sz Levente a kolozsv\u00e1ri Babe\u0219-Bolyai Tudom\u00e1nyegyetem (BBTE) magyar tagozatos rektorhelyettese, vezet\u0151i munk\u00e1ja sor\u00e1n a v\u00e1llalkoz\u00e1sok \u00e9s a min\u0151s\u00e9gbiztos\u00edt\u00e1s ter\u00fclet\u00e9\u00e9rt felel. Egyetemi tan\u00e1rk\u00e9nt a BBTE K\u00f6zgazdas\u00e1g- \u00e9s Gazd\u00e1lkod\u00e1studom\u00e1nyi Kar\u00e1n oktat els\u0151sorban v\u00e1llalati menedzsmenthez kapcsol\u00f3d\u00f3 t\u00e1rgyakat, kutat\u00e1si ter\u00fclete pedig a digitaliz\u00e1ci\u00f3 \u00e9s Ipar 4.0 megold\u00e1sok v\u00e1llalati alkalmaz\u00e1s\u00e1ra f\u00f3kusz\u00e1l. Kor\u00e1bban [&hellip;]","og_url":"https:\/\/entrepreneurship.centre.ubbcluj.ro\/?page_id=857&lang=hu","og_site_name":"Centrul de Antreprenoriat\u00a0UBB","article_modified_time":"2025-07-18T09:28:38+00:00","og_image":[{"width":1072,"height":999,"url":"https:\/\/entrepreneurship.centre.ubbcluj.ro\/wp-content\/uploads\/2025\/07\/Levente-Szasz-Photo-Site-CdA.jpeg","type":"image\/jpeg"}],"twitter_card":"summary_large_image","twitter_misc":{"Est. reading time":"2 minutes"},"schema":{"@context":"https:\/\/schema.org","@graph":[{"@type":"WebPage","@id":"https:\/\/entrepreneurship.centre.ubbcluj.ro\/?page_id=857&lang=hu","url":"https:\/\/entrepreneurship.centre.ubbcluj.ro\/?page_id=857&lang=hu","name":"CdA Csapat - Centrul de Antreprenoriat\u00a0UBB","isPartOf":{"@id":"https:\/\/entrepreneurship.centre.ubbcluj.ro\/#website"},"primaryImageOfPage":{"@id":"https:\/\/entrepreneurship.centre.ubbcluj.ro\/?page_id=857&lang=hu#primaryimage"},"image":{"@id":"https:\/\/entrepreneurship.centre.ubbcluj.ro\/?page_id=857&lang=hu#primaryimage"},"thumbnailUrl":"https:\/\/entrepreneurship.centre.ubbcluj.ro\/wp-content\/uploads\/2025\/07\/Levente-Szasz-Photo-Site-CdA-1024x954.jpeg","datePublished":"2025-07-10T09:18:27+00:00","dateModified":"2025-07-18T09:28:38+00:00","breadcrumb":{"@id":"https:\/\/entrepreneurship.centre.ubbcluj.ro\/?page_id=857&lang=hu#breadcrumb"},"inLanguage":"en-US","potentialAction":[{"@type":"ReadAction","target":["https:\/\/entrepreneurship.centre.ubbcluj.ro\/?page_id=857&lang=hu"]}]},{"@type":"ImageObject","inLanguage":"en-US","@id":"https:\/\/entrepreneurship.centre.ubbcluj.ro\/?page_id=857&lang=hu#primaryimage","url":"https:\/\/entrepreneurship.centre.ubbcluj.ro\/wp-content\/uploads\/2025\/07\/Levente-Szasz-Photo-Site-CdA.jpeg","contentUrl":"https:\/\/entrepreneurship.centre.ubbcluj.ro\/wp-content\/uploads\/2025\/07\/Levente-Szasz-Photo-Site-CdA.jpeg","width":1072,"height":999},{"@type":"BreadcrumbList","@id":"https:\/\/entrepreneurship.centre.ubbcluj.ro\/?page_id=857&lang=hu#breadcrumb","itemListElement":[{"@type":"ListItem","position":1,"name":"Home","item":"https:\/\/entrepreneurship.centre.ubbcluj.ro\/"},{"@type":"ListItem","position":2,"name":"CdA Csapat"}]},{"@type":"WebSite","@id":"https:\/\/entrepreneurship.centre.ubbcluj.ro\/#website","url":"https:\/\/entrepreneurship.centre.ubbcluj.ro\/","name":"Centrul de Antreprenoriat\u00a0UBB","description":"","publisher":{"@id":"https:\/\/entrepreneurship.centre.ubbcluj.ro\/#organization"},"potentialAction":[{"@type":"SearchAction","target":{"@type":"EntryPoint","urlTemplate":"https:\/\/entrepreneurship.centre.ubbcluj.ro\/?s={search_term_string}"},"query-input":{"@type":"PropertyValueSpecification","valueRequired":true,"valueName":"search_term_string"}}],"inLanguage":"en-US"},{"@type":"Organization","@id":"https:\/\/entrepreneurship.centre.ubbcluj.ro\/#organization","name":"Centrul de Antreprenoriat\u00a0UBB","url":"https:\/\/entrepreneurship.centre.ubbcluj.ro\/","logo":{"@type":"ImageObject","inLanguage":"en-US","@id":"https:\/\/entrepreneurship.centre.ubbcluj.ro\/#\/schema\/logo\/image\/","url":"https:\/\/entrepreneurship.centre.ubbcluj.ro\/wp-content\/uploads\/2025\/05\/CdA-LOGO-RO.png","contentUrl":"https:\/\/entrepreneurship.centre.ubbcluj.ro\/wp-content\/uploads\/2025\/05\/CdA-LOGO-RO.png","width":1563,"height":482,"caption":"Centrul de Antreprenoriat\u00a0UBB"},"image":{"@id":"https:\/\/entrepreneurship.centre.ubbcluj.ro\/#\/schema\/logo\/image\/"}}]}},"rttpg_featured_image_url":null,"rttpg_author":{"display_name":"centru_antreprenor","author_link":"https:\/\/entrepreneurship.centre.ubbcluj.ro\/?author=1"},"rttpg_comment":0,"rttpg_category":" <a href=\"https:\/\/entrepreneurship.centre.ubbcluj.ro\/?lang=hu\" rel=\"tag\">Magyar<\/a>","rttpg_excerpt":"SZ\u00c1SZ Levente V\u00e1llalkoz\u00e1sfejleszt\u00e9s\u00e9rt \u00e9s min\u0151s\u00e9gbiztos\u00edt\u00e1s\u00e9rt felel\u0151s rektorhelyettes Dr. Sz\u00e1sz Levente a kolozsv\u00e1ri Babe\u0219-Bolyai Tudom\u00e1nyegyetem (BBTE) magyar tagozatos rektorhelyettese, vezet\u0151i munk\u00e1ja sor\u00e1n a v\u00e1llalkoz\u00e1sok \u00e9s a min\u0151s\u00e9gbiztos\u00edt\u00e1s ter\u00fclet\u00e9\u00e9rt felel. Egyetemi tan\u00e1rk\u00e9nt a BBTE K\u00f6zgazdas\u00e1g- \u00e9s Gazd\u00e1lkod\u00e1studom\u00e1nyi Kar\u00e1n oktat els\u0151sorban v\u00e1llalati menedzsmenthez kapcsol\u00f3d\u00f3 t\u00e1rgyakat, kutat\u00e1si ter\u00fclete pedig a digitaliz\u00e1ci\u00f3 \u00e9s Ipar 4.0 megold\u00e1sok v\u00e1llalati alkalmaz\u00e1s\u00e1ra f\u00f3kusz\u00e1l. Kor\u00e1bban&hellip;","_links":{"self":[{"href":"https:\/\/entrepreneurship.centre.ubbcluj.ro\/index.php?rest_route=\/wp\/v2\/pages\/857","targetHints":{"allow":["GET"]}}],"collection":[{"href":"https:\/\/entrepreneurship.centre.ubbcluj.ro\/index.php?rest_route=\/wp\/v2\/pages"}],"about":[{"href":"https:\/\/entrepreneurship.centre.ubbcluj.ro\/index.php?rest_route=\/wp\/v2\/types\/page"}],"author":[{"embeddable":true,"href":"https:\/\/entrepreneurship.centre.ubbcluj.ro\/index.php?rest_route=\/wp\/v2\/users\/1"}],"replies":[{"embeddable":true,"href":"https:\/\/entrepreneurship.centre.ubbcluj.ro\/index.php?rest_route=%2Fwp%2Fv2%2Fcomments&post=857"}],"version-history":[{"count":22,"href":"https:\/\/entrepreneurship.centre.ubbcluj.ro\/index.php?rest_route=\/wp\/v2\/pages\/857\/revisions"}],"predecessor-version":[{"id":1685,"href":"https:\/\/entrepreneurship.centre.ubbcluj.ro\/index.php?rest_route=\/wp\/v2\/pages\/857\/revisions\/1685"}],"wp:attachment":[{"href":"https:\/\/entrepreneurship.centre.ubbcluj.ro\/index.php?rest_route=%2Fwp%2Fv2%2Fmedia&parent=857"}],"curies":[{"name":"wp","href":"https:\/\/api.w.org\/{rel}","templated":true}]}}