{"id":832,"date":"2025-07-10T09:00:23","date_gmt":"2025-07-10T09:00:23","guid":{"rendered":"https:\/\/entrepreneurship.centre.ubbcluj.ro\/?page_id=832"},"modified":"2025-07-18T09:26:51","modified_gmt":"2025-07-18T09:26:51","slug":"echipa-cda","status":"publish","type":"page","link":"https:\/\/entrepreneurship.centre.ubbcluj.ro\/?page_id=832","title":{"rendered":"Echipa CdA"},"content":{"rendered":"\t\t<div data-elementor-type=\"wp-page\" data-elementor-id=\"832\" class=\"elementor elementor-832\">\n\t\t\t\t<div class=\"elementor-element elementor-element-79449331 e-flex e-con-boxed e-con e-parent\" data-id=\"79449331\" data-element_type=\"container\">\n\t\t\t\t\t<div class=\"e-con-inner\">\n\t\t\t\t\t<\/div>\n\t\t\t\t<\/div>\n\t\t<div class=\"elementor-element elementor-element-5c3ab9d e-flex e-con-boxed e-con e-parent\" data-id=\"5c3ab9d\" data-element_type=\"container\">\n\t\t\t\t\t<div class=\"e-con-inner\">\n\t\t<div class=\"elementor-element elementor-element-093589e e-con-full e-flex e-con e-child\" data-id=\"093589e\" data-element_type=\"container\">\n\t\t\t\t<div class=\"elementor-element elementor-element-f3865e2 elementor-widget elementor-widget-image\" data-id=\"f3865e2\" data-element_type=\"widget\" data-widget_type=\"image.default\">\n\t\t\t\t\t\t\t\t\t\t\t\t\t\t\t<img fetchpriority=\"high\" decoding=\"async\" width=\"1024\" height=\"954\" src=\"https:\/\/entrepreneurship.centre.ubbcluj.ro\/wp-content\/uploads\/2025\/07\/Levente-Szasz-Photo-Site-CdA-1024x954.jpeg\" class=\"attachment-large size-large wp-image-1534\" alt=\"\" srcset=\"https:\/\/entrepreneurship.centre.ubbcluj.ro\/wp-content\/uploads\/2025\/07\/Levente-Szasz-Photo-Site-CdA-1024x954.jpeg 1024w, https:\/\/entrepreneurship.centre.ubbcluj.ro\/wp-content\/uploads\/2025\/07\/Levente-Szasz-Photo-Site-CdA-300x280.jpeg 300w, https:\/\/entrepreneurship.centre.ubbcluj.ro\/wp-content\/uploads\/2025\/07\/Levente-Szasz-Photo-Site-CdA-768x716.jpeg 768w, https:\/\/entrepreneurship.centre.ubbcluj.ro\/wp-content\/uploads\/2025\/07\/Levente-Szasz-Photo-Site-CdA.jpeg 1072w\" sizes=\"(max-width: 1024px) 100vw, 1024px\" \/>\t\t\t\t\t\t\t\t\t\t\t\t\t\t\t<\/div>\n\t\t\t\t<\/div>\n\t\t<div class=\"elementor-element elementor-element-840757a e-con-full e-flex e-con e-child\" data-id=\"840757a\" data-element_type=\"container\">\n\t\t\t\t<div class=\"elementor-element elementor-element-e6b28db elementor-widget elementor-widget-text-editor\" data-id=\"e6b28db\" data-element_type=\"widget\" data-widget_type=\"text-editor.default\">\n\t\t\t\t\t\t\t\t\t<h3 class=\"MsoNormal\"><span style=\"color: #3e4bb8;\"><b>Levente SZ\u00c1SZ<\/b><\/span><\/h3><h5 class=\"MsoNormal\"><span style=\"color: #3e4bb8;\"><b>Prorector responsabil de Antreprenoriat \u0219i Calitate<\/b><\/span><\/h5><p class=\"MsoNormal\" style=\"text-align: left;\">Dr. Levente Sz\u00e1sz este prorector al Universit\u0103\u021bii Babe\u0219-Bolyai din Cluj-Napoca (UBB), din partea liniei maghiare, av\u00e2nd \u00een responsabilitate domeniile de antreprenoriat \u0219i asigur\u0103rarea calit\u0103\u021bii. \u00cen calitate de profesor universitar, pred\u0103 la Facultatea de \u0218tiin\u021be Economice \u0219i Gestiunea Afacerilor a UBB, cu accent pe discipline legate de managementul organiza\u021bional. Activitatea sa de cercetare se concentreaz\u0103 pe aplicarea solu\u021biilor de digitalizare \u0219i Industrie 4.0 \u00een mediul de afaceri. Anterior, timp de peste 8 ani, a ocupat func\u021bia de prodecan al aceleia\u0219i facult\u0103\u021bi, fiind responsabil cu rela\u021biile<br \/>institu\u021biei cu mediul de afaceri, cu cercetarea \u0219tiin\u021bific\u0103, respectiv cu competi\u021biile \u0219i bursele studen\u021be\u0219ti. Este implicat activ \u00een preg\u0103tirea studen\u021bilor economi\u0219ti pentru competi\u021bii interna\u021bionale de studii de caz. \u00cen cadrul universit\u0103\u021bii, este ini\u021biatorul \u0219i coordonatorul proiectului de cercetare \u201eRomanian Economic Monitor\u201d, prin intermediul c\u0103ruia, \u00eempreun\u0103 cu echipa sa, analizeaz\u0103 teme economice actuale, public\u00e2nd rezultatele \u00eentr-un format accesibil publicului larg, folosind instrumente moderne de vizualizare a datelor.<\/p>\t\t\t\t\t\t\t\t<\/div>\n\t\t\t\t<\/div>\n\t\t\t\t\t<\/div>\n\t\t\t\t<\/div>\n\t\t<div class=\"elementor-element elementor-element-1d70d6b e-flex e-con-boxed e-con e-parent\" data-id=\"1d70d6b\" data-element_type=\"container\">\n\t\t\t\t\t<div class=\"e-con-inner\">\n\t\t\t\t\t<\/div>\n\t\t\t\t<\/div>\n\t\t<div class=\"elementor-element elementor-element-fb50bd0 e-flex e-con-boxed e-con e-parent\" data-id=\"fb50bd0\" data-element_type=\"container\">\n\t\t\t\t\t<div class=\"e-con-inner\">\n\t\t<div class=\"elementor-element elementor-element-4c57e41 e-con-full e-flex e-con e-child\" data-id=\"4c57e41\" data-element_type=\"container\">\n\t\t\t\t<div class=\"elementor-element elementor-element-a9f63a3 elementor-widget elementor-widget-image\" data-id=\"a9f63a3\" data-element_type=\"widget\" data-widget_type=\"image.default\">\n\t\t\t\t\t\t\t\t\t\t\t\t\t\t\t<img decoding=\"async\" width=\"1024\" height=\"1024\" src=\"https:\/\/entrepreneurship.centre.ubbcluj.ro\/wp-content\/uploads\/2025\/07\/istvan11-1024x1024.png\" class=\"attachment-large size-large wp-image-1545\" alt=\"\" srcset=\"https:\/\/entrepreneurship.centre.ubbcluj.ro\/wp-content\/uploads\/2025\/07\/istvan11-1024x1024.png 1024w, https:\/\/entrepreneurship.centre.ubbcluj.ro\/wp-content\/uploads\/2025\/07\/istvan11-300x300.png 300w, https:\/\/entrepreneurship.centre.ubbcluj.ro\/wp-content\/uploads\/2025\/07\/istvan11-150x150.png 150w, https:\/\/entrepreneurship.centre.ubbcluj.ro\/wp-content\/uploads\/2025\/07\/istvan11-768x768.png 768w, https:\/\/entrepreneurship.centre.ubbcluj.ro\/wp-content\/uploads\/2025\/07\/istvan11-600x600.png 600w, https:\/\/entrepreneurship.centre.ubbcluj.ro\/wp-content\/uploads\/2025\/07\/istvan11.png 1365w\" sizes=\"(max-width: 1024px) 100vw, 1024px\" \/>\t\t\t\t\t\t\t\t\t\t\t\t\t\t\t<\/div>\n\t\t\t\t<\/div>\n\t\t<div class=\"elementor-element elementor-element-0c0cc1d e-con-full e-flex e-con e-child\" data-id=\"0c0cc1d\" data-element_type=\"container\">\n\t\t\t\t<div class=\"elementor-element elementor-element-f02aa0a elementor-widget elementor-widget-text-editor\" data-id=\"f02aa0a\" data-element_type=\"widget\" data-widget_type=\"text-editor.default\">\n\t\t\t\t\t\t\t\t\t<h3 class=\"MsoNormal\"><span style=\"color: #3e4bb8;\"><b>Istv\u00e1n PAP<\/b><\/span><\/h3><h5 class=\"MsoNormal\"><span style=\"color: #3e4bb8;\"><b>Ofi\u021ber de Antreprenoriat al Centrului de Antreprenoriat UBB<\/b><\/span><\/h5><p class=\"MsoNormal\">Istv\u00e1n PAP este un profesionist orientat spre rezultate, cu o experien\u021b\u0103 interdisciplinar\u0103 \u00een antreprenoriat, transfer tehnologic, cercetare \u0219tiin\u021bific\u0103, IT \u0219i management de proiect.<br \/>\u00cen calitate de Ofi\u021ber de Antreprenoriat, coordoneaz\u0103 activit\u0103\u021bile Centrului de Antreprenoriat UBB, contribuind la transformarea ideilor \u00een ini\u021biative viabile \u0219i conectarea acestora cu surse reale de finan\u021bare, know-how \u0219i oportunit\u0103\u021bi de pia\u021b\u0103.<br \/>A absolvit programe de excelen\u021b\u0103 \u00een antreprenoriat la Babson College (Boston, SUA), \u00een<br \/>re\u021beaua EUTOPIA (Suedia), precum \u0219i cursuri de specializare la Universitatea Babe\u0219-Bolyai.<br \/>A gestionat proiecte na\u021bionale \u0219i interna\u021bionale, atr\u0103g\u00e2nd finan\u021b\u0103ri substan\u021biale \u0219i oferind<br \/>expertiz\u0103 practic\u0103 \u00een inovare \u0219i dezvoltarea tinerilor prin ini\u021biative concrete.<br \/>Prin activitatea sa, Istv\u00e1n Pap\u00a0 sus\u021bine construirea unui mediu academic antreprenorial,<br \/>incluziv \u0219i sustenabil, \u00een care ideile devin ini\u021biative reale, iar studen\u021bii, angaja\u021bii universit\u0103\u021bii \u0219i alumni UBB g\u0103sesc sprijin concret pentru a-\u0219i transforma viziunea \u00een realitate.<\/p>\t\t\t\t\t\t\t\t<\/div>\n\t\t\t\t<\/div>\n\t\t\t\t\t<\/div>\n\t\t\t\t<\/div>\n\t\t\t\t<\/div>\n\t\t","protected":false},"excerpt":{"rendered":"<p>Levente SZ\u00c1SZ Prorector responsabil de Antreprenoriat \u0219i Calitate Dr. Levente Sz\u00e1sz este prorector al Universit\u0103\u021bii Babe\u0219-Bolyai din Cluj-Napoca (UBB), din partea liniei maghiare, av\u00e2nd \u00een responsabilitate domeniile de antreprenoriat \u0219i asigur\u0103rarea calit\u0103\u021bii. \u00cen calitate de profesor universitar, pred\u0103 la Facultatea de \u0218tiin\u021be Economice \u0219i Gestiunea Afacerilor a UBB, cu accent pe discipline legate de managementul [&hellip;]<\/p>\n","protected":false},"author":1,"featured_media":0,"parent":0,"menu_order":0,"comment_status":"closed","ping_status":"closed","template":"elementor_header_footer","meta":{"footnotes":""},"class_list":["post-832","page","type-page","status-publish","hentry","entry"],"yoast_head":"<!-- This site is optimized with the Yoast SEO plugin v25.7 - https:\/\/yoast.com\/wordpress\/plugins\/seo\/ -->\n<title>Echipa CdA - Centrul de Antreprenoriat\u00a0UBB<\/title>\n<meta name=\"robots\" content=\"index, follow, max-snippet:-1, max-image-preview:large, max-video-preview:-1\" \/>\n<link rel=\"canonical\" href=\"https:\/\/entrepreneurship.centre.ubbcluj.ro\/?page_id=832\" \/>\n<meta property=\"og:locale\" content=\"en_US\" \/>\n<meta property=\"og:type\" content=\"article\" \/>\n<meta property=\"og:title\" content=\"Echipa CdA - Centrul de Antreprenoriat\u00a0UBB\" \/>\n<meta property=\"og:description\" content=\"Levente SZ\u00c1SZ Prorector responsabil de Antreprenoriat \u0219i Calitate Dr. Levente Sz\u00e1sz este prorector al Universit\u0103\u021bii Babe\u0219-Bolyai din Cluj-Napoca (UBB), din partea liniei maghiare, av\u00e2nd \u00een responsabilitate domeniile de antreprenoriat \u0219i asigur\u0103rarea calit\u0103\u021bii. \u00cen calitate de profesor universitar, pred\u0103 la Facultatea de \u0218tiin\u021be Economice \u0219i Gestiunea Afacerilor a UBB, cu accent pe discipline legate de managementul [&hellip;]\" \/>\n<meta property=\"og:url\" content=\"https:\/\/entrepreneurship.centre.ubbcluj.ro\/?page_id=832\" \/>\n<meta property=\"og:site_name\" content=\"Centrul de Antreprenoriat\u00a0UBB\" \/>\n<meta property=\"article:modified_time\" content=\"2025-07-18T09:26:51+00:00\" \/>\n<meta property=\"og:image\" content=\"https:\/\/entrepreneurship.centre.ubbcluj.ro\/wp-content\/uploads\/2025\/07\/Levente-Szasz-Photo-Site-CdA.jpeg\" \/>\n\t<meta property=\"og:image:width\" content=\"1072\" \/>\n\t<meta property=\"og:image:height\" content=\"999\" \/>\n\t<meta property=\"og:image:type\" content=\"image\/jpeg\" \/>\n<meta name=\"twitter:card\" content=\"summary_large_image\" \/>\n<meta name=\"twitter:label1\" content=\"Est. reading time\" \/>\n\t<meta name=\"twitter:data1\" content=\"2 minutes\" \/>\n<script type=\"application\/ld+json\" class=\"yoast-schema-graph\">{\"@context\":\"https:\/\/schema.org\",\"@graph\":[{\"@type\":\"WebPage\",\"@id\":\"https:\/\/entrepreneurship.centre.ubbcluj.ro\/?page_id=832\",\"url\":\"https:\/\/entrepreneurship.centre.ubbcluj.ro\/?page_id=832\",\"name\":\"Echipa CdA - Centrul de Antreprenoriat\u00a0UBB\",\"isPartOf\":{\"@id\":\"https:\/\/entrepreneurship.centre.ubbcluj.ro\/#website\"},\"primaryImageOfPage\":{\"@id\":\"https:\/\/entrepreneurship.centre.ubbcluj.ro\/?page_id=832#primaryimage\"},\"image\":{\"@id\":\"https:\/\/entrepreneurship.centre.ubbcluj.ro\/?page_id=832#primaryimage\"},\"thumbnailUrl\":\"https:\/\/entrepreneurship.centre.ubbcluj.ro\/wp-content\/uploads\/2025\/07\/Levente-Szasz-Photo-Site-CdA-1024x954.jpeg\",\"datePublished\":\"2025-07-10T09:00:23+00:00\",\"dateModified\":\"2025-07-18T09:26:51+00:00\",\"breadcrumb\":{\"@id\":\"https:\/\/entrepreneurship.centre.ubbcluj.ro\/?page_id=832#breadcrumb\"},\"inLanguage\":\"en-US\",\"potentialAction\":[{\"@type\":\"ReadAction\",\"target\":[\"https:\/\/entrepreneurship.centre.ubbcluj.ro\/?page_id=832\"]}]},{\"@type\":\"ImageObject\",\"inLanguage\":\"en-US\",\"@id\":\"https:\/\/entrepreneurship.centre.ubbcluj.ro\/?page_id=832#primaryimage\",\"url\":\"https:\/\/entrepreneurship.centre.ubbcluj.ro\/wp-content\/uploads\/2025\/07\/Levente-Szasz-Photo-Site-CdA.jpeg\",\"contentUrl\":\"https:\/\/entrepreneurship.centre.ubbcluj.ro\/wp-content\/uploads\/2025\/07\/Levente-Szasz-Photo-Site-CdA.jpeg\",\"width\":1072,\"height\":999},{\"@type\":\"BreadcrumbList\",\"@id\":\"https:\/\/entrepreneurship.centre.ubbcluj.ro\/?page_id=832#breadcrumb\",\"itemListElement\":[{\"@type\":\"ListItem\",\"position\":1,\"name\":\"Home\",\"item\":\"https:\/\/entrepreneurship.centre.ubbcluj.ro\/\"},{\"@type\":\"ListItem\",\"position\":2,\"name\":\"Echipa CdA\"}]},{\"@type\":\"WebSite\",\"@id\":\"https:\/\/entrepreneurship.centre.ubbcluj.ro\/#website\",\"url\":\"https:\/\/entrepreneurship.centre.ubbcluj.ro\/\",\"name\":\"Centrul de Antreprenoriat\u00a0UBB\",\"description\":\"\",\"publisher\":{\"@id\":\"https:\/\/entrepreneurship.centre.ubbcluj.ro\/#organization\"},\"potentialAction\":[{\"@type\":\"SearchAction\",\"target\":{\"@type\":\"EntryPoint\",\"urlTemplate\":\"https:\/\/entrepreneurship.centre.ubbcluj.ro\/?s={search_term_string}\"},\"query-input\":{\"@type\":\"PropertyValueSpecification\",\"valueRequired\":true,\"valueName\":\"search_term_string\"}}],\"inLanguage\":\"en-US\"},{\"@type\":\"Organization\",\"@id\":\"https:\/\/entrepreneurship.centre.ubbcluj.ro\/#organization\",\"name\":\"Centrul de Antreprenoriat\u00a0UBB\",\"url\":\"https:\/\/entrepreneurship.centre.ubbcluj.ro\/\",\"logo\":{\"@type\":\"ImageObject\",\"inLanguage\":\"en-US\",\"@id\":\"https:\/\/entrepreneurship.centre.ubbcluj.ro\/#\/schema\/logo\/image\/\",\"url\":\"https:\/\/entrepreneurship.centre.ubbcluj.ro\/wp-content\/uploads\/2025\/05\/CdA-LOGO-RO.png\",\"contentUrl\":\"https:\/\/entrepreneurship.centre.ubbcluj.ro\/wp-content\/uploads\/2025\/05\/CdA-LOGO-RO.png\",\"width\":1563,\"height\":482,\"caption\":\"Centrul de Antreprenoriat\u00a0UBB\"},\"image\":{\"@id\":\"https:\/\/entrepreneurship.centre.ubbcluj.ro\/#\/schema\/logo\/image\/\"}}]}<\/script>\n<!-- \/ Yoast SEO plugin. -->","yoast_head_json":{"title":"Echipa CdA - Centrul de Antreprenoriat\u00a0UBB","robots":{"index":"index","follow":"follow","max-snippet":"max-snippet:-1","max-image-preview":"max-image-preview:large","max-video-preview":"max-video-preview:-1"},"canonical":"https:\/\/entrepreneurship.centre.ubbcluj.ro\/?page_id=832","og_locale":"en_US","og_type":"article","og_title":"Echipa CdA - Centrul de Antreprenoriat\u00a0UBB","og_description":"Levente SZ\u00c1SZ Prorector responsabil de Antreprenoriat \u0219i Calitate Dr. Levente Sz\u00e1sz este prorector al Universit\u0103\u021bii Babe\u0219-Bolyai din Cluj-Napoca (UBB), din partea liniei maghiare, av\u00e2nd \u00een responsabilitate domeniile de antreprenoriat \u0219i asigur\u0103rarea calit\u0103\u021bii. \u00cen calitate de profesor universitar, pred\u0103 la Facultatea de \u0218tiin\u021be Economice \u0219i Gestiunea Afacerilor a UBB, cu accent pe discipline legate de managementul [&hellip;]","og_url":"https:\/\/entrepreneurship.centre.ubbcluj.ro\/?page_id=832","og_site_name":"Centrul de Antreprenoriat\u00a0UBB","article_modified_time":"2025-07-18T09:26:51+00:00","og_image":[{"width":1072,"height":999,"url":"https:\/\/entrepreneurship.centre.ubbcluj.ro\/wp-content\/uploads\/2025\/07\/Levente-Szasz-Photo-Site-CdA.jpeg","type":"image\/jpeg"}],"twitter_card":"summary_large_image","twitter_misc":{"Est. reading time":"2 minutes"},"schema":{"@context":"https:\/\/schema.org","@graph":[{"@type":"WebPage","@id":"https:\/\/entrepreneurship.centre.ubbcluj.ro\/?page_id=832","url":"https:\/\/entrepreneurship.centre.ubbcluj.ro\/?page_id=832","name":"Echipa CdA - Centrul de Antreprenoriat\u00a0UBB","isPartOf":{"@id":"https:\/\/entrepreneurship.centre.ubbcluj.ro\/#website"},"primaryImageOfPage":{"@id":"https:\/\/entrepreneurship.centre.ubbcluj.ro\/?page_id=832#primaryimage"},"image":{"@id":"https:\/\/entrepreneurship.centre.ubbcluj.ro\/?page_id=832#primaryimage"},"thumbnailUrl":"https:\/\/entrepreneurship.centre.ubbcluj.ro\/wp-content\/uploads\/2025\/07\/Levente-Szasz-Photo-Site-CdA-1024x954.jpeg","datePublished":"2025-07-10T09:00:23+00:00","dateModified":"2025-07-18T09:26:51+00:00","breadcrumb":{"@id":"https:\/\/entrepreneurship.centre.ubbcluj.ro\/?page_id=832#breadcrumb"},"inLanguage":"en-US","potentialAction":[{"@type":"ReadAction","target":["https:\/\/entrepreneurship.centre.ubbcluj.ro\/?page_id=832"]}]},{"@type":"ImageObject","inLanguage":"en-US","@id":"https:\/\/entrepreneurship.centre.ubbcluj.ro\/?page_id=832#primaryimage","url":"https:\/\/entrepreneurship.centre.ubbcluj.ro\/wp-content\/uploads\/2025\/07\/Levente-Szasz-Photo-Site-CdA.jpeg","contentUrl":"https:\/\/entrepreneurship.centre.ubbcluj.ro\/wp-content\/uploads\/2025\/07\/Levente-Szasz-Photo-Site-CdA.jpeg","width":1072,"height":999},{"@type":"BreadcrumbList","@id":"https:\/\/entrepreneurship.centre.ubbcluj.ro\/?page_id=832#breadcrumb","itemListElement":[{"@type":"ListItem","position":1,"name":"Home","item":"https:\/\/entrepreneurship.centre.ubbcluj.ro\/"},{"@type":"ListItem","position":2,"name":"Echipa CdA"}]},{"@type":"WebSite","@id":"https:\/\/entrepreneurship.centre.ubbcluj.ro\/#website","url":"https:\/\/entrepreneurship.centre.ubbcluj.ro\/","name":"Centrul de Antreprenoriat\u00a0UBB","description":"","publisher":{"@id":"https:\/\/entrepreneurship.centre.ubbcluj.ro\/#organization"},"potentialAction":[{"@type":"SearchAction","target":{"@type":"EntryPoint","urlTemplate":"https:\/\/entrepreneurship.centre.ubbcluj.ro\/?s={search_term_string}"},"query-input":{"@type":"PropertyValueSpecification","valueRequired":true,"valueName":"search_term_string"}}],"inLanguage":"en-US"},{"@type":"Organization","@id":"https:\/\/entrepreneurship.centre.ubbcluj.ro\/#organization","name":"Centrul de Antreprenoriat\u00a0UBB","url":"https:\/\/entrepreneurship.centre.ubbcluj.ro\/","logo":{"@type":"ImageObject","inLanguage":"en-US","@id":"https:\/\/entrepreneurship.centre.ubbcluj.ro\/#\/schema\/logo\/image\/","url":"https:\/\/entrepreneurship.centre.ubbcluj.ro\/wp-content\/uploads\/2025\/05\/CdA-LOGO-RO.png","contentUrl":"https:\/\/entrepreneurship.centre.ubbcluj.ro\/wp-content\/uploads\/2025\/05\/CdA-LOGO-RO.png","width":1563,"height":482,"caption":"Centrul de Antreprenoriat\u00a0UBB"},"image":{"@id":"https:\/\/entrepreneurship.centre.ubbcluj.ro\/#\/schema\/logo\/image\/"}}]}},"rttpg_featured_image_url":null,"rttpg_author":{"display_name":"centru_antreprenor","author_link":"https:\/\/entrepreneurship.centre.ubbcluj.ro\/?author=1"},"rttpg_comment":0,"rttpg_category":" <a href=\"https:\/\/entrepreneurship.centre.ubbcluj.ro\/\" rel=\"tag\">Rom\u00e2n\u0103<\/a>","rttpg_excerpt":"Levente SZ\u00c1SZ Prorector responsabil de Antreprenoriat \u0219i Calitate Dr. Levente Sz\u00e1sz este prorector al Universit\u0103\u021bii Babe\u0219-Bolyai din Cluj-Napoca (UBB), din partea liniei maghiare, av\u00e2nd \u00een responsabilitate domeniile de antreprenoriat \u0219i asigur\u0103rarea calit\u0103\u021bii. \u00cen calitate de profesor universitar, pred\u0103 la Facultatea de \u0218tiin\u021be Economice \u0219i Gestiunea Afacerilor a UBB, cu accent pe discipline legate de managementul&hellip;","_links":{"self":[{"href":"https:\/\/entrepreneurship.centre.ubbcluj.ro\/index.php?rest_route=\/wp\/v2\/pages\/832","targetHints":{"allow":["GET"]}}],"collection":[{"href":"https:\/\/entrepreneurship.centre.ubbcluj.ro\/index.php?rest_route=\/wp\/v2\/pages"}],"about":[{"href":"https:\/\/entrepreneurship.centre.ubbcluj.ro\/index.php?rest_route=\/wp\/v2\/types\/page"}],"author":[{"embeddable":true,"href":"https:\/\/entrepreneurship.centre.ubbcluj.ro\/index.php?rest_route=\/wp\/v2\/users\/1"}],"replies":[{"embeddable":true,"href":"https:\/\/entrepreneurship.centre.ubbcluj.ro\/index.php?rest_route=%2Fwp%2Fv2%2Fcomments&post=832"}],"version-history":[{"count":41,"href":"https:\/\/entrepreneurship.centre.ubbcluj.ro\/index.php?rest_route=\/wp\/v2\/pages\/832\/revisions"}],"predecessor-version":[{"id":1682,"href":"https:\/\/entrepreneurship.centre.ubbcluj.ro\/index.php?rest_route=\/wp\/v2\/pages\/832\/revisions\/1682"}],"wp:attachment":[{"href":"https:\/\/entrepreneurship.centre.ubbcluj.ro\/index.php?rest_route=%2Fwp%2Fv2%2Fmedia&parent=832"}],"curies":[{"name":"wp","href":"https:\/\/api.w.org\/{rel}","templated":true}]}}