{"id":337,"date":"2025-06-20T07:22:44","date_gmt":"2025-06-20T07:22:44","guid":{"rendered":"https:\/\/entrepreneurship.centre.ubbcluj.ro\/?page_id=337"},"modified":"2025-09-11T07:16:29","modified_gmt":"2025-09-11T07:16:29","slug":"afacerea-ta","status":"publish","type":"page","link":"https:\/\/entrepreneurship.centre.ubbcluj.ro\/?page_id=337","title":{"rendered":"Afacerea Ta"},"content":{"rendered":"\n<p><\/p>\n\n\n\n<div class=\"wp-block-columns alignfull is-layout-flex wp-container-core-columns-is-layout-9d6595d7 wp-block-columns-is-layout-flex\">\n<div class=\"wp-block-column is-layout-flow wp-block-column-is-layout-flow\"><\/div>\n\n\n\n<div class=\"wp-block-column is-layout-flow wp-block-column-is-layout-flow\">\n<figure class=\"wp-block-image size-full\"><img fetchpriority=\"high\" decoding=\"async\" width=\"600\" height=\"400\" src=\"https:\/\/entrepreneurship.centre.ubbcluj.ro\/wp-content\/uploads\/2025\/07\/depositphotos_23185896-stock-photo-handshake-hand-holding-on-black.webp\" alt=\"\" class=\"wp-image-701\" style=\"object-fit:cover\" srcset=\"https:\/\/entrepreneurship.centre.ubbcluj.ro\/wp-content\/uploads\/2025\/07\/depositphotos_23185896-stock-photo-handshake-hand-holding-on-black.webp 600w, https:\/\/entrepreneurship.centre.ubbcluj.ro\/wp-content\/uploads\/2025\/07\/depositphotos_23185896-stock-photo-handshake-hand-holding-on-black-300x200.webp 300w\" sizes=\"(max-width: 600px) 100vw, 600px\" \/><\/figure>\n\n\n\n<p>Hai s\u0103 discut\u0103m despre afacerea ta!<\/p>\n\n\n\n<p>Ai o idee? Sau poate cau\u021bi un spa\u021biu \u00een care s\u0103-\u021bi clarifici pa\u0219ii urm\u0103tori?<br>La Centrul de Antreprenoriat al Universit\u0103\u021bii Babe\u0219-Bolyai, \u00ee\u021bi deschidem u\u0219a \u0219i agenda, pentru o conversa\u021bie sincer\u0103, aplicat\u0103 \u0219i deschis\u0103 despre viitorul t\u0103u antreprenorial.<\/p>\n\n\n\n<p>\ud83d\udccd Ne g\u0103se\u0219ti \u00een cl\u0103direa Facult\u0103\u021bii de Drept, etajul 3, camera 316.<\/p>\n\n\n\n<p>\u00ce\u021bi oferim sprijin, \u00eendrumare \u0219i resurse adaptate nevoilor tale. Fie c\u0103 e\u0219ti la \u00eenceput de drum sau deja dezvol\u021bi o idee.<br>Vino la noi, discut\u0103m concret despre cum putem transforma \u00eempreun\u0103 ideea ta \u00eentr-o afacere viabil.<\/p>\n\n\n\n<p>\u2615 Te invit\u0103m la o cafea. Nu formalit\u0103\u021bi.<br>Doar o discu\u021bie real\u0103 despre visul t\u0103u de afacere<\/p>\n\n\n\n<iframe width=\"640px\" height=\"1500px\" src=\"https:\/\/forms.office.com\/Pages\/ResponsePage.aspx?id=7WNIWshA1U-CmPv9t_EwldIlJ4STuHhIrM1dguipXz1UOExPMVRIU0UwT0Y1RENONjNJSzNUQ05CUi4u&#038;embed=true\" frameborder=\"0\" marginwidth=\"0\" marginheight=\"0\" style=\"border: none; max-width:100%; max-height:100vh\" allowfullscreen webkitallowfullscreen mozallowfullscreen msallowfullscreen> <\/iframe>\n<\/div>\n\n\n\n<div class=\"wp-block-column is-layout-flow wp-block-column-is-layout-flow\"><\/div>\n<\/div>\n\n\n\n<p><\/p>\n","protected":false},"excerpt":{"rendered":"<p>Hai s\u0103 discut\u0103m despre afacerea ta! Ai o idee? Sau poate cau\u021bi un spa\u021biu \u00een care s\u0103-\u021bi clarifici pa\u0219ii urm\u0103tori?La Centrul de Antreprenoriat al Universit\u0103\u021bii Babe\u0219-Bolyai, \u00ee\u021bi deschidem u\u0219a \u0219i agenda, pentru o conversa\u021bie sincer\u0103, aplicat\u0103 \u0219i deschis\u0103 despre viitorul t\u0103u antreprenorial. \ud83d\udccd Ne g\u0103se\u0219ti \u00een cl\u0103direa Facult\u0103\u021bii de Drept, etajul 3, camera 316. \u00ce\u021bi [&hellip;]<\/p>\n","protected":false},"author":1,"featured_media":0,"parent":0,"menu_order":0,"comment_status":"closed","ping_status":"closed","template":"elementor_header_footer","meta":{"footnotes":""},"class_list":["post-337","page","type-page","status-publish","hentry","entry"],"yoast_head":"<!-- This site is optimized with the Yoast SEO plugin v25.7 - https:\/\/yoast.com\/wordpress\/plugins\/seo\/ -->\n<title>Afacerea Ta - Centrul de Antreprenoriat\u00a0UBB<\/title>\n<meta name=\"robots\" content=\"index, follow, max-snippet:-1, max-image-preview:large, max-video-preview:-1\" \/>\n<link rel=\"canonical\" href=\"https:\/\/entrepreneurship.centre.ubbcluj.ro\/?page_id=337\" \/>\n<meta property=\"og:locale\" content=\"en_US\" \/>\n<meta property=\"og:type\" content=\"article\" \/>\n<meta property=\"og:title\" content=\"Afacerea Ta - Centrul de Antreprenoriat\u00a0UBB\" \/>\n<meta property=\"og:description\" content=\"Hai s\u0103 discut\u0103m despre afacerea ta! Ai o idee? Sau poate cau\u021bi un spa\u021biu \u00een care s\u0103-\u021bi clarifici pa\u0219ii urm\u0103tori?La Centrul de Antreprenoriat al Universit\u0103\u021bii Babe\u0219-Bolyai, \u00ee\u021bi deschidem u\u0219a \u0219i agenda, pentru o conversa\u021bie sincer\u0103, aplicat\u0103 \u0219i deschis\u0103 despre viitorul t\u0103u antreprenorial. \ud83d\udccd Ne g\u0103se\u0219ti \u00een cl\u0103direa Facult\u0103\u021bii de Drept, etajul 3, camera 316. \u00ce\u021bi [&hellip;]\" \/>\n<meta property=\"og:url\" content=\"https:\/\/entrepreneurship.centre.ubbcluj.ro\/?page_id=337\" \/>\n<meta property=\"og:site_name\" content=\"Centrul de Antreprenoriat\u00a0UBB\" \/>\n<meta property=\"article:modified_time\" content=\"2025-09-11T07:16:29+00:00\" \/>\n<meta property=\"og:image\" content=\"https:\/\/entrepreneurship.centre.ubbcluj.ro\/wp-content\/uploads\/2025\/07\/depositphotos_23185896-stock-photo-handshake-hand-holding-on-black.webp\" \/>\n\t<meta property=\"og:image:width\" content=\"600\" \/>\n\t<meta property=\"og:image:height\" content=\"400\" \/>\n\t<meta property=\"og:image:type\" content=\"image\/webp\" \/>\n<meta name=\"twitter:card\" content=\"summary_large_image\" \/>\n<meta name=\"twitter:label1\" content=\"Est. reading time\" \/>\n\t<meta name=\"twitter:data1\" content=\"1 minute\" \/>\n<script type=\"application\/ld+json\" class=\"yoast-schema-graph\">{\"@context\":\"https:\/\/schema.org\",\"@graph\":[{\"@type\":\"WebPage\",\"@id\":\"https:\/\/entrepreneurship.centre.ubbcluj.ro\/?page_id=337\",\"url\":\"https:\/\/entrepreneurship.centre.ubbcluj.ro\/?page_id=337\",\"name\":\"Afacerea Ta - Centrul de Antreprenoriat\u00a0UBB\",\"isPartOf\":{\"@id\":\"https:\/\/entrepreneurship.centre.ubbcluj.ro\/#website\"},\"primaryImageOfPage\":{\"@id\":\"https:\/\/entrepreneurship.centre.ubbcluj.ro\/?page_id=337#primaryimage\"},\"image\":{\"@id\":\"https:\/\/entrepreneurship.centre.ubbcluj.ro\/?page_id=337#primaryimage\"},\"thumbnailUrl\":\"https:\/\/entrepreneurship.centre.ubbcluj.ro\/wp-content\/uploads\/2025\/07\/depositphotos_23185896-stock-photo-handshake-hand-holding-on-black.webp\",\"datePublished\":\"2025-06-20T07:22:44+00:00\",\"dateModified\":\"2025-09-11T07:16:29+00:00\",\"breadcrumb\":{\"@id\":\"https:\/\/entrepreneurship.centre.ubbcluj.ro\/?page_id=337#breadcrumb\"},\"inLanguage\":\"en-US\",\"potentialAction\":[{\"@type\":\"ReadAction\",\"target\":[\"https:\/\/entrepreneurship.centre.ubbcluj.ro\/?page_id=337\"]}]},{\"@type\":\"ImageObject\",\"inLanguage\":\"en-US\",\"@id\":\"https:\/\/entrepreneurship.centre.ubbcluj.ro\/?page_id=337#primaryimage\",\"url\":\"https:\/\/entrepreneurship.centre.ubbcluj.ro\/wp-content\/uploads\/2025\/07\/depositphotos_23185896-stock-photo-handshake-hand-holding-on-black.webp\",\"contentUrl\":\"https:\/\/entrepreneurship.centre.ubbcluj.ro\/wp-content\/uploads\/2025\/07\/depositphotos_23185896-stock-photo-handshake-hand-holding-on-black.webp\",\"width\":600,\"height\":400},{\"@type\":\"BreadcrumbList\",\"@id\":\"https:\/\/entrepreneurship.centre.ubbcluj.ro\/?page_id=337#breadcrumb\",\"itemListElement\":[{\"@type\":\"ListItem\",\"position\":1,\"name\":\"Home\",\"item\":\"https:\/\/entrepreneurship.centre.ubbcluj.ro\/\"},{\"@type\":\"ListItem\",\"position\":2,\"name\":\"Afacerea Ta\"}]},{\"@type\":\"WebSite\",\"@id\":\"https:\/\/entrepreneurship.centre.ubbcluj.ro\/#website\",\"url\":\"https:\/\/entrepreneurship.centre.ubbcluj.ro\/\",\"name\":\"Centrul de Antreprenoriat\u00a0UBB\",\"description\":\"\",\"publisher\":{\"@id\":\"https:\/\/entrepreneurship.centre.ubbcluj.ro\/#organization\"},\"potentialAction\":[{\"@type\":\"SearchAction\",\"target\":{\"@type\":\"EntryPoint\",\"urlTemplate\":\"https:\/\/entrepreneurship.centre.ubbcluj.ro\/?s={search_term_string}\"},\"query-input\":{\"@type\":\"PropertyValueSpecification\",\"valueRequired\":true,\"valueName\":\"search_term_string\"}}],\"inLanguage\":\"en-US\"},{\"@type\":\"Organization\",\"@id\":\"https:\/\/entrepreneurship.centre.ubbcluj.ro\/#organization\",\"name\":\"Centrul de Antreprenoriat\u00a0UBB\",\"url\":\"https:\/\/entrepreneurship.centre.ubbcluj.ro\/\",\"logo\":{\"@type\":\"ImageObject\",\"inLanguage\":\"en-US\",\"@id\":\"https:\/\/entrepreneurship.centre.ubbcluj.ro\/#\/schema\/logo\/image\/\",\"url\":\"https:\/\/entrepreneurship.centre.ubbcluj.ro\/wp-content\/uploads\/2025\/05\/CdA-LOGO-RO.png\",\"contentUrl\":\"https:\/\/entrepreneurship.centre.ubbcluj.ro\/wp-content\/uploads\/2025\/05\/CdA-LOGO-RO.png\",\"width\":1563,\"height\":482,\"caption\":\"Centrul de Antreprenoriat\u00a0UBB\"},\"image\":{\"@id\":\"https:\/\/entrepreneurship.centre.ubbcluj.ro\/#\/schema\/logo\/image\/\"}}]}<\/script>\n<!-- \/ Yoast SEO plugin. -->","yoast_head_json":{"title":"Afacerea Ta - Centrul de Antreprenoriat\u00a0UBB","robots":{"index":"index","follow":"follow","max-snippet":"max-snippet:-1","max-image-preview":"max-image-preview:large","max-video-preview":"max-video-preview:-1"},"canonical":"https:\/\/entrepreneurship.centre.ubbcluj.ro\/?page_id=337","og_locale":"en_US","og_type":"article","og_title":"Afacerea Ta - Centrul de Antreprenoriat\u00a0UBB","og_description":"Hai s\u0103 discut\u0103m despre afacerea ta! Ai o idee? Sau poate cau\u021bi un spa\u021biu \u00een care s\u0103-\u021bi clarifici pa\u0219ii urm\u0103tori?La Centrul de Antreprenoriat al Universit\u0103\u021bii Babe\u0219-Bolyai, \u00ee\u021bi deschidem u\u0219a \u0219i agenda, pentru o conversa\u021bie sincer\u0103, aplicat\u0103 \u0219i deschis\u0103 despre viitorul t\u0103u antreprenorial. \ud83d\udccd Ne g\u0103se\u0219ti \u00een cl\u0103direa Facult\u0103\u021bii de Drept, etajul 3, camera 316. \u00ce\u021bi [&hellip;]","og_url":"https:\/\/entrepreneurship.centre.ubbcluj.ro\/?page_id=337","og_site_name":"Centrul de Antreprenoriat\u00a0UBB","article_modified_time":"2025-09-11T07:16:29+00:00","og_image":[{"width":600,"height":400,"url":"https:\/\/entrepreneurship.centre.ubbcluj.ro\/wp-content\/uploads\/2025\/07\/depositphotos_23185896-stock-photo-handshake-hand-holding-on-black.webp","type":"image\/webp"}],"twitter_card":"summary_large_image","twitter_misc":{"Est. reading time":"1 minute"},"schema":{"@context":"https:\/\/schema.org","@graph":[{"@type":"WebPage","@id":"https:\/\/entrepreneurship.centre.ubbcluj.ro\/?page_id=337","url":"https:\/\/entrepreneurship.centre.ubbcluj.ro\/?page_id=337","name":"Afacerea Ta - Centrul de Antreprenoriat\u00a0UBB","isPartOf":{"@id":"https:\/\/entrepreneurship.centre.ubbcluj.ro\/#website"},"primaryImageOfPage":{"@id":"https:\/\/entrepreneurship.centre.ubbcluj.ro\/?page_id=337#primaryimage"},"image":{"@id":"https:\/\/entrepreneurship.centre.ubbcluj.ro\/?page_id=337#primaryimage"},"thumbnailUrl":"https:\/\/entrepreneurship.centre.ubbcluj.ro\/wp-content\/uploads\/2025\/07\/depositphotos_23185896-stock-photo-handshake-hand-holding-on-black.webp","datePublished":"2025-06-20T07:22:44+00:00","dateModified":"2025-09-11T07:16:29+00:00","breadcrumb":{"@id":"https:\/\/entrepreneurship.centre.ubbcluj.ro\/?page_id=337#breadcrumb"},"inLanguage":"en-US","potentialAction":[{"@type":"ReadAction","target":["https:\/\/entrepreneurship.centre.ubbcluj.ro\/?page_id=337"]}]},{"@type":"ImageObject","inLanguage":"en-US","@id":"https:\/\/entrepreneurship.centre.ubbcluj.ro\/?page_id=337#primaryimage","url":"https:\/\/entrepreneurship.centre.ubbcluj.ro\/wp-content\/uploads\/2025\/07\/depositphotos_23185896-stock-photo-handshake-hand-holding-on-black.webp","contentUrl":"https:\/\/entrepreneurship.centre.ubbcluj.ro\/wp-content\/uploads\/2025\/07\/depositphotos_23185896-stock-photo-handshake-hand-holding-on-black.webp","width":600,"height":400},{"@type":"BreadcrumbList","@id":"https:\/\/entrepreneurship.centre.ubbcluj.ro\/?page_id=337#breadcrumb","itemListElement":[{"@type":"ListItem","position":1,"name":"Home","item":"https:\/\/entrepreneurship.centre.ubbcluj.ro\/"},{"@type":"ListItem","position":2,"name":"Afacerea Ta"}]},{"@type":"WebSite","@id":"https:\/\/entrepreneurship.centre.ubbcluj.ro\/#website","url":"https:\/\/entrepreneurship.centre.ubbcluj.ro\/","name":"Centrul de Antreprenoriat\u00a0UBB","description":"","publisher":{"@id":"https:\/\/entrepreneurship.centre.ubbcluj.ro\/#organization"},"potentialAction":[{"@type":"SearchAction","target":{"@type":"EntryPoint","urlTemplate":"https:\/\/entrepreneurship.centre.ubbcluj.ro\/?s={search_term_string}"},"query-input":{"@type":"PropertyValueSpecification","valueRequired":true,"valueName":"search_term_string"}}],"inLanguage":"en-US"},{"@type":"Organization","@id":"https:\/\/entrepreneurship.centre.ubbcluj.ro\/#organization","name":"Centrul de Antreprenoriat\u00a0UBB","url":"https:\/\/entrepreneurship.centre.ubbcluj.ro\/","logo":{"@type":"ImageObject","inLanguage":"en-US","@id":"https:\/\/entrepreneurship.centre.ubbcluj.ro\/#\/schema\/logo\/image\/","url":"https:\/\/entrepreneurship.centre.ubbcluj.ro\/wp-content\/uploads\/2025\/05\/CdA-LOGO-RO.png","contentUrl":"https:\/\/entrepreneurship.centre.ubbcluj.ro\/wp-content\/uploads\/2025\/05\/CdA-LOGO-RO.png","width":1563,"height":482,"caption":"Centrul de Antreprenoriat\u00a0UBB"},"image":{"@id":"https:\/\/entrepreneurship.centre.ubbcluj.ro\/#\/schema\/logo\/image\/"}}]}},"rttpg_featured_image_url":null,"rttpg_author":{"display_name":"centru_antreprenor","author_link":"https:\/\/entrepreneurship.centre.ubbcluj.ro\/?author=1"},"rttpg_comment":0,"rttpg_category":" <a href=\"https:\/\/entrepreneurship.centre.ubbcluj.ro\/\" rel=\"tag\">Rom\u00e2n\u0103<\/a>","rttpg_excerpt":"Hai s\u0103 discut\u0103m despre afacerea ta! Ai o idee? Sau poate cau\u021bi un spa\u021biu \u00een care s\u0103-\u021bi clarifici pa\u0219ii urm\u0103tori?La Centrul de Antreprenoriat al Universit\u0103\u021bii Babe\u0219-Bolyai, \u00ee\u021bi deschidem u\u0219a \u0219i agenda, pentru o conversa\u021bie sincer\u0103, aplicat\u0103 \u0219i deschis\u0103 despre viitorul t\u0103u antreprenorial. \ud83d\udccd Ne g\u0103se\u0219ti \u00een cl\u0103direa Facult\u0103\u021bii de Drept, etajul 3, camera 316. \u00ce\u021bi&hellip;","_links":{"self":[{"href":"https:\/\/entrepreneurship.centre.ubbcluj.ro\/index.php?rest_route=\/wp\/v2\/pages\/337","targetHints":{"allow":["GET"]}}],"collection":[{"href":"https:\/\/entrepreneurship.centre.ubbcluj.ro\/index.php?rest_route=\/wp\/v2\/pages"}],"about":[{"href":"https:\/\/entrepreneurship.centre.ubbcluj.ro\/index.php?rest_route=\/wp\/v2\/types\/page"}],"author":[{"embeddable":true,"href":"https:\/\/entrepreneurship.centre.ubbcluj.ro\/index.php?rest_route=\/wp\/v2\/users\/1"}],"replies":[{"embeddable":true,"href":"https:\/\/entrepreneurship.centre.ubbcluj.ro\/index.php?rest_route=%2Fwp%2Fv2%2Fcomments&post=337"}],"version-history":[{"count":73,"href":"https:\/\/entrepreneurship.centre.ubbcluj.ro\/index.php?rest_route=\/wp\/v2\/pages\/337\/revisions"}],"predecessor-version":[{"id":1960,"href":"https:\/\/entrepreneurship.centre.ubbcluj.ro\/index.php?rest_route=\/wp\/v2\/pages\/337\/revisions\/1960"}],"wp:attachment":[{"href":"https:\/\/entrepreneurship.centre.ubbcluj.ro\/index.php?rest_route=%2Fwp%2Fv2%2Fmedia&parent=337"}],"curies":[{"name":"wp","href":"https:\/\/api.w.org\/{rel}","templated":true}]}}