{"id":1827,"date":"2025-07-22T13:26:15","date_gmt":"2025-07-22T13:26:15","guid":{"rendered":"https:\/\/entrepreneurship.centre.ubbcluj.ro\/?page_id=1827"},"modified":"2025-07-22T13:26:16","modified_gmt":"2025-07-22T13:26:16","slug":"startupde","status":"publish","type":"page","link":"https:\/\/entrepreneurship.centre.ubbcluj.ro\/?page_id=1827&lang=de","title":{"rendered":"startupde"},"content":{"rendered":"<p><strong>Gem\u00e4\u00df der geltenden Gesetzgebung (METHODOLOGISCHE NORMEN vom 16. April 2021 zur Gr\u00fcndung und Entwicklung von Spin-offs im Bereich Forschung, Entwicklung und Innovation) ist ein Spin-off ein wirtschaftlicher Rechtstr\u00e4ger in Form einer Handelsgesellschaft, dessen T\u00e4tigkeit auf die Verwertung der Ergebnisse von Forschungs- und Entwicklungsaktivit\u00e4ten gerichtet ist, die von den Mitarbeitern der Forschungseinrichtung erzielt wurden. Daher unterliegt ein Spin-off den Vorschriften f\u00fcr Handelsgesellschaften, deren T\u00e4tigkeit auf die Verwertung wissenschaftlicher Erkenntnisse, Forschungsergebnisse, Technologien oder technischer beziehungsweise administrativer Innovationen einer Forschungs- und Entwicklungseinrichtung ausgerichtet ist, an der es beteiligt sein kann.<\/strong><\/p>\n<p><strong>Die Babe\u0219-Bolyai Universit\u00e4t unterst\u00fctzt die diskriminierungsfreie Teilnahme aller Mitarbeitenden sowohl bei der Gr\u00fcndung von Spin-offs als auch bei deren Betrieb. Die Universit\u00e4t kann die Gr\u00fcndung von Spin-offs unter eigener Zugeh\u00f6rigkeit sowohl finanziell als auch durch andere Mittel unterst\u00fctzen.<\/strong><\/p>\n<p><strong>Spin-off-Unternehmen der UBB \u2013 entwickelte Kompetenzen, innerhalb der Universit\u00e4t erzielte Ergebnisse<\/strong><\/p>\n<table>\n<thead>\n<tr>\n<td><strong>Nr.<\/strong><\/td>\n<td><strong>Firmenname<\/strong><\/td>\n<td><strong>Gr\u00fcndungsjahr<\/strong><\/td>\n<td><strong>Weblink<\/strong><\/td>\n<td><strong>Kurze Beschreibung<\/strong><\/td>\n<\/tr>\n<\/thead>\n<tbody>\n<tr>\n<td><strong>1<\/strong><\/td>\n<td><strong>SC Psychological Solutions and Technologies SRL<\/strong><\/td>\n<td><strong>2023<\/strong><\/td>\n<td><\/td>\n<td><strong>Forschung und experimentelle Entwicklung in den Sozial- und Geisteswissenschaften. Ansprechpartnerin: Oana David.<\/strong><\/td>\n<\/tr>\n<tr>\n<td><strong>2<\/strong><\/td>\n<td><strong>SC RADON CONTROL SA<\/strong><\/td>\n<td><strong>2020<\/strong><\/td>\n<td><a href=\"https:\/\/radoncontrol.ro\"><strong>https:\/\/radoncontrol.ro<\/strong><\/a><\/td>\n<td><strong>Ein innovatives System zur \u00dcberwachung, Kontrolle und Verringerung der Radonbelastung. Ergebnisse: Erh\u00f6hung der Sicherheit und Gesundheit der Bev\u00f6lkerung, Verbesserung der Innenraumqualit\u00e4t und Optimierung der Energieeffizienz von Wohngeb\u00e4uden durch die Entwicklung integrierter intelligenter Systeme zur \u00dcberwachung, Kontrolle und Verringerung der Belastung durch Radon und andere Haushaltsverschmutzungen, basierend auf innovativer interdisziplin\u00e4rer Forschung.<\/strong><\/td>\n<\/tr>\n<tr>\n<td><strong>3<\/strong><\/td>\n<td><strong>SC Chocolate Management SRL<\/strong><\/td>\n<td><strong>2017<\/strong><\/td>\n<td><strong>Krausz.ro<\/strong><\/td>\n<td><strong>Innovativer Verkauf von handgefertigten Produkten.<\/strong><\/td>\n<\/tr>\n<tr>\n<td><strong>4<\/strong><\/td>\n<td><strong>Polyp Communications SRL<\/strong><\/td>\n<td><strong>2017<\/strong><\/td>\n<td><strong>divads.ro<\/strong><\/td>\n<td><strong>Diversity Advertising erstellt Online- und Offline-Kampagnen, Webdesign &amp; Entwicklung sowie die Gestaltung der Corporate Identity von Unternehmen, Organisationen und Events durch visuelle Elemente (Design, Foto, Video).<\/strong><\/td>\n<\/tr>\n<tr>\n<td><strong>5<\/strong><\/td>\n<td><strong>Nature Education Community Center SRL<\/strong><\/td>\n<td><strong>2018<\/strong><\/td>\n<td><a href=\"https:\/\/www.facebook.com\/necces\"><strong>https:\/\/www.facebook.com\/necces<\/strong><\/a><\/td>\n<td><strong>\u00d6kologische Bildungsdienstleistungen und innovative \u00f6kologische Produkte f\u00fcr Schulen und Gemeinden.<\/strong><\/td>\n<\/tr>\n<tr>\n<td><strong>6<\/strong><\/td>\n<td><strong>SC AllWood RCM SRL<\/strong><\/td>\n<td><strong>2019<\/strong><\/td>\n<td><strong>casilex.ro<\/strong><\/td>\n<td><strong>Intelligente M\u00f6bel f\u00fcr das digitale Zeitalter.<\/strong><\/td>\n<\/tr>\n<tr>\n<td><strong>7<\/strong><\/td>\n<td><strong>SC iSpace SRL<\/strong><\/td>\n<td><strong>2019<\/strong><\/td>\n<td><a href=\"https:\/\/www.facebook.com\/ispaceromania\"><strong>https:\/\/www.facebook.com\/ispaceromania<\/strong><\/a><\/td>\n<td><strong>Elektronische Ausstattungen f\u00fcr Ger\u00e4te.<\/strong><\/td>\n<\/tr>\n<tr>\n<td><strong>8<\/strong><\/td>\n<td><strong>Division Boutique Agency SRL<\/strong><\/td>\n<td><strong>2018<\/strong><\/td>\n<td><a href=\"https:\/\/teamdba.co\"><strong>https:\/\/teamdba.co<\/strong><\/a><\/td>\n<td><strong>Entwicklung menschzentrierter Designl\u00f6sungen in Markenstrategie und visueller Identit\u00e4t.<\/strong><\/td>\n<\/tr>\n<tr>\n<td><strong>9<\/strong><\/td>\n<td><strong>CodexWorks Technologies<\/strong><\/td>\n<td><strong>2017<\/strong><\/td>\n<td><a href=\"https:\/\/codexworks.com\"><strong>https:\/\/codexworks.com<\/strong><\/a><\/td>\n<td><strong>Entwicklung personalisierter Webl\u00f6sungen und Automatisierung von Gesch\u00e4ftsprozessen.<\/strong><\/td>\n<\/tr>\n<tr>\n<td><strong>10<\/strong><\/td>\n<td><strong>Prisma Platform Solution SRL<\/strong><\/td>\n<td><strong>2020<\/strong><\/td>\n<td><a href=\"https:\/\/theprismaplatform.com\"><strong>https:\/\/theprismaplatform.com<\/strong><\/a><\/td>\n<td><strong>Entwicklung integrativer Kommunikationsl\u00f6sungen f\u00fcr Unternehmen.<\/strong><\/td>\n<\/tr>\n<tr>\n<td><strong>11<\/strong><\/td>\n<td><strong>Biomed Data Analytics SRL<\/strong><\/td>\n<td><strong>2020<\/strong><\/td>\n<td><\/td>\n<td><strong>Forschung im Bereich intelligenter Spezialisierungen, insbesondere im biomedizinischen Bereich, Analyse biomedizinischer Daten mittels multivariater Statistik und k\u00fcnstlicher Intelligenz.<\/strong><\/td>\n<\/tr>\n<tr>\n<td><strong>12<\/strong><\/td>\n<td><strong>LEGAL TECH SOLUTIONS SRL<\/strong><\/td>\n<td><strong>2020<\/strong><\/td>\n<td><strong>gdprgenerator.ro<\/strong><\/td>\n<td><strong>Die T\u00e4tigkeit des Unternehmens umfasst Legaltech-Dienstleistungen (insbesondere Software im Rechtsbereich), sowohl mit eigenem Produkt als auch auf Anfrage. Das Hauptwerkzeug des Unternehmens ist ein Generator f\u00fcr Datenschutzrichtlinien f\u00fcr Webseiten.<\/strong><\/td>\n<\/tr>\n<tr>\n<td><strong>13<\/strong><\/td>\n<td><strong>KNm Concept SRL<\/strong><\/td>\n<td><strong>2021<\/strong><\/td>\n<td><a href=\"http:\/\/www.knm.ro\"><strong>www.knm.ro<\/strong><\/a><\/td>\n<td><strong>Design- und Ingenieurdienstleistungen f\u00fcr f\u00f6rderfinanzierte Projekte.<\/strong><\/td>\n<\/tr>\n<tr>\n<td><strong>14<\/strong><\/td>\n<td><strong>MIDRIGAN BUSINESS GROUP SRL S.R.L.<\/strong><\/td>\n<td><strong>2020<\/strong><\/td>\n<td><\/td>\n<td><strong>I) DIGITAL PERFORMANCE ADS S.R.L. \u2013 Mai 2020 \u2013 Digital Marketing und Online-Automatisierungsagentur \u2013 <\/strong><a href=\"https:\/\/performads.ro\/\"><strong>https:\/\/performads.ro\/<\/strong><\/a><strong> II) Cump\u0103r Rom\u00e2nesc \u2013 Mai 2023 \u2013 Plattform f\u00fcr lokale rum\u00e4nische Produzenten und Verbraucher \u2013 <\/strong><a href=\"https:\/\/cumpar-romanesc.ro\/\"><strong>https:\/\/cumpar-romanesc.ro\/<\/strong><\/a><strong> III) Midrigan\u2019s Bees \u2013 September 2024 \u2013 Vertrieb von Imkerei- und Nicht-Imkereibedarf f\u00fcr Imker in Rum\u00e4nien \u2013 <\/strong><a href=\"https:\/\/midrigansbees.ro\/\"><strong>https:\/\/midrigansbees.ro\/<\/strong><\/a><\/td>\n<\/tr>\n<tr>\n<td><strong>15<\/strong><\/td>\n<td><strong>Next Quarter Coffee SRL<\/strong><\/td>\n<td><strong>2023<\/strong><\/td>\n<td><a href=\"https:\/\/nextquartercoffee.ro\/\"><strong>https:\/\/nextquartercoffee.ro\/<\/strong><\/a><\/td>\n<td><strong>Spezialit\u00e4tenkaffee-R\u00f6sterei und -Vertrieb.<\/strong><\/td>\n<\/tr>\n<\/tbody>\n<\/table>\n","protected":false},"excerpt":{"rendered":"<p>Gem\u00e4\u00df der geltenden Gesetzgebung (METHODOLOGISCHE NORMEN vom 16. April 2021 zur Gr\u00fcndung und Entwicklung von Spin-offs im Bereich Forschung, Entwicklung und Innovation) ist ein Spin-off ein wirtschaftlicher Rechtstr\u00e4ger in Form einer Handelsgesellschaft, dessen T\u00e4tigkeit auf die Verwertung der Ergebnisse von Forschungs- und Entwicklungsaktivit\u00e4ten gerichtet ist, die von den Mitarbeitern der Forschungseinrichtung erzielt wurden. Daher unterliegt [&hellip;]<\/p>\n","protected":false},"author":1,"featured_media":0,"parent":0,"menu_order":0,"comment_status":"closed","ping_status":"closed","template":"elementor_theme","meta":{"footnotes":""},"class_list":["post-1827","page","type-page","status-publish","hentry","entry"],"yoast_head":"<!-- This site is optimized with the Yoast SEO plugin v25.7 - https:\/\/yoast.com\/wordpress\/plugins\/seo\/ -->\n<title>startupde - Centrul de Antreprenoriat\u00a0UBB<\/title>\n<meta name=\"robots\" content=\"index, follow, max-snippet:-1, max-image-preview:large, max-video-preview:-1\" \/>\n<link rel=\"canonical\" href=\"https:\/\/entrepreneurship.centre.ubbcluj.ro\/?page_id=1827&lang=de\" \/>\n<meta property=\"og:locale\" content=\"en_US\" \/>\n<meta property=\"og:type\" content=\"article\" \/>\n<meta property=\"og:title\" content=\"startupde - Centrul de Antreprenoriat\u00a0UBB\" \/>\n<meta property=\"og:description\" content=\"Gem\u00e4\u00df der geltenden Gesetzgebung (METHODOLOGISCHE NORMEN vom 16. April 2021 zur Gr\u00fcndung und Entwicklung von Spin-offs im Bereich Forschung, Entwicklung und Innovation) ist ein Spin-off ein wirtschaftlicher Rechtstr\u00e4ger in Form einer Handelsgesellschaft, dessen T\u00e4tigkeit auf die Verwertung der Ergebnisse von Forschungs- und Entwicklungsaktivit\u00e4ten gerichtet ist, die von den Mitarbeitern der Forschungseinrichtung erzielt wurden. Daher unterliegt [&hellip;]\" \/>\n<meta property=\"og:url\" content=\"https:\/\/entrepreneurship.centre.ubbcluj.ro\/?page_id=1827&amp;lang=de\" \/>\n<meta property=\"og:site_name\" content=\"Centrul de Antreprenoriat\u00a0UBB\" \/>\n<meta property=\"article:modified_time\" content=\"2025-07-22T13:26:16+00:00\" \/>\n<meta name=\"twitter:card\" content=\"summary_large_image\" \/>\n<meta name=\"twitter:label1\" content=\"Est. reading time\" \/>\n\t<meta name=\"twitter:data1\" content=\"3 minutes\" \/>\n<script type=\"application\/ld+json\" class=\"yoast-schema-graph\">{\"@context\":\"https:\/\/schema.org\",\"@graph\":[{\"@type\":\"WebPage\",\"@id\":\"https:\/\/entrepreneurship.centre.ubbcluj.ro\/?page_id=1827&lang=de\",\"url\":\"https:\/\/entrepreneurship.centre.ubbcluj.ro\/?page_id=1827&lang=de\",\"name\":\"startupde - Centrul de Antreprenoriat\u00a0UBB\",\"isPartOf\":{\"@id\":\"https:\/\/entrepreneurship.centre.ubbcluj.ro\/#website\"},\"datePublished\":\"2025-07-22T13:26:15+00:00\",\"dateModified\":\"2025-07-22T13:26:16+00:00\",\"breadcrumb\":{\"@id\":\"https:\/\/entrepreneurship.centre.ubbcluj.ro\/?page_id=1827&lang=de#breadcrumb\"},\"inLanguage\":\"en-US\",\"potentialAction\":[{\"@type\":\"ReadAction\",\"target\":[\"https:\/\/entrepreneurship.centre.ubbcluj.ro\/?page_id=1827&lang=de\"]}]},{\"@type\":\"BreadcrumbList\",\"@id\":\"https:\/\/entrepreneurship.centre.ubbcluj.ro\/?page_id=1827&lang=de#breadcrumb\",\"itemListElement\":[{\"@type\":\"ListItem\",\"position\":1,\"name\":\"Home\",\"item\":\"https:\/\/entrepreneurship.centre.ubbcluj.ro\/\"},{\"@type\":\"ListItem\",\"position\":2,\"name\":\"startupde\"}]},{\"@type\":\"WebSite\",\"@id\":\"https:\/\/entrepreneurship.centre.ubbcluj.ro\/#website\",\"url\":\"https:\/\/entrepreneurship.centre.ubbcluj.ro\/\",\"name\":\"Centrul de Antreprenoriat\u00a0UBB\",\"description\":\"\",\"publisher\":{\"@id\":\"https:\/\/entrepreneurship.centre.ubbcluj.ro\/#organization\"},\"potentialAction\":[{\"@type\":\"SearchAction\",\"target\":{\"@type\":\"EntryPoint\",\"urlTemplate\":\"https:\/\/entrepreneurship.centre.ubbcluj.ro\/?s={search_term_string}\"},\"query-input\":{\"@type\":\"PropertyValueSpecification\",\"valueRequired\":true,\"valueName\":\"search_term_string\"}}],\"inLanguage\":\"en-US\"},{\"@type\":\"Organization\",\"@id\":\"https:\/\/entrepreneurship.centre.ubbcluj.ro\/#organization\",\"name\":\"Centrul de Antreprenoriat\u00a0UBB\",\"url\":\"https:\/\/entrepreneurship.centre.ubbcluj.ro\/\",\"logo\":{\"@type\":\"ImageObject\",\"inLanguage\":\"en-US\",\"@id\":\"https:\/\/entrepreneurship.centre.ubbcluj.ro\/#\/schema\/logo\/image\/\",\"url\":\"https:\/\/entrepreneurship.centre.ubbcluj.ro\/wp-content\/uploads\/2025\/05\/CdA-LOGO-RO.png\",\"contentUrl\":\"https:\/\/entrepreneurship.centre.ubbcluj.ro\/wp-content\/uploads\/2025\/05\/CdA-LOGO-RO.png\",\"width\":1563,\"height\":482,\"caption\":\"Centrul de Antreprenoriat\u00a0UBB\"},\"image\":{\"@id\":\"https:\/\/entrepreneurship.centre.ubbcluj.ro\/#\/schema\/logo\/image\/\"}}]}<\/script>\n<!-- \/ Yoast SEO plugin. -->","yoast_head_json":{"title":"startupde - Centrul de Antreprenoriat\u00a0UBB","robots":{"index":"index","follow":"follow","max-snippet":"max-snippet:-1","max-image-preview":"max-image-preview:large","max-video-preview":"max-video-preview:-1"},"canonical":"https:\/\/entrepreneurship.centre.ubbcluj.ro\/?page_id=1827&lang=de","og_locale":"en_US","og_type":"article","og_title":"startupde - Centrul de Antreprenoriat\u00a0UBB","og_description":"Gem\u00e4\u00df der geltenden Gesetzgebung (METHODOLOGISCHE NORMEN vom 16. April 2021 zur Gr\u00fcndung und Entwicklung von Spin-offs im Bereich Forschung, Entwicklung und Innovation) ist ein Spin-off ein wirtschaftlicher Rechtstr\u00e4ger in Form einer Handelsgesellschaft, dessen T\u00e4tigkeit auf die Verwertung der Ergebnisse von Forschungs- und Entwicklungsaktivit\u00e4ten gerichtet ist, die von den Mitarbeitern der Forschungseinrichtung erzielt wurden. Daher unterliegt [&hellip;]","og_url":"https:\/\/entrepreneurship.centre.ubbcluj.ro\/?page_id=1827&lang=de","og_site_name":"Centrul de Antreprenoriat\u00a0UBB","article_modified_time":"2025-07-22T13:26:16+00:00","twitter_card":"summary_large_image","twitter_misc":{"Est. reading time":"3 minutes"},"schema":{"@context":"https:\/\/schema.org","@graph":[{"@type":"WebPage","@id":"https:\/\/entrepreneurship.centre.ubbcluj.ro\/?page_id=1827&lang=de","url":"https:\/\/entrepreneurship.centre.ubbcluj.ro\/?page_id=1827&lang=de","name":"startupde - Centrul de Antreprenoriat\u00a0UBB","isPartOf":{"@id":"https:\/\/entrepreneurship.centre.ubbcluj.ro\/#website"},"datePublished":"2025-07-22T13:26:15+00:00","dateModified":"2025-07-22T13:26:16+00:00","breadcrumb":{"@id":"https:\/\/entrepreneurship.centre.ubbcluj.ro\/?page_id=1827&lang=de#breadcrumb"},"inLanguage":"en-US","potentialAction":[{"@type":"ReadAction","target":["https:\/\/entrepreneurship.centre.ubbcluj.ro\/?page_id=1827&lang=de"]}]},{"@type":"BreadcrumbList","@id":"https:\/\/entrepreneurship.centre.ubbcluj.ro\/?page_id=1827&lang=de#breadcrumb","itemListElement":[{"@type":"ListItem","position":1,"name":"Home","item":"https:\/\/entrepreneurship.centre.ubbcluj.ro\/"},{"@type":"ListItem","position":2,"name":"startupde"}]},{"@type":"WebSite","@id":"https:\/\/entrepreneurship.centre.ubbcluj.ro\/#website","url":"https:\/\/entrepreneurship.centre.ubbcluj.ro\/","name":"Centrul de Antreprenoriat\u00a0UBB","description":"","publisher":{"@id":"https:\/\/entrepreneurship.centre.ubbcluj.ro\/#organization"},"potentialAction":[{"@type":"SearchAction","target":{"@type":"EntryPoint","urlTemplate":"https:\/\/entrepreneurship.centre.ubbcluj.ro\/?s={search_term_string}"},"query-input":{"@type":"PropertyValueSpecification","valueRequired":true,"valueName":"search_term_string"}}],"inLanguage":"en-US"},{"@type":"Organization","@id":"https:\/\/entrepreneurship.centre.ubbcluj.ro\/#organization","name":"Centrul de Antreprenoriat\u00a0UBB","url":"https:\/\/entrepreneurship.centre.ubbcluj.ro\/","logo":{"@type":"ImageObject","inLanguage":"en-US","@id":"https:\/\/entrepreneurship.centre.ubbcluj.ro\/#\/schema\/logo\/image\/","url":"https:\/\/entrepreneurship.centre.ubbcluj.ro\/wp-content\/uploads\/2025\/05\/CdA-LOGO-RO.png","contentUrl":"https:\/\/entrepreneurship.centre.ubbcluj.ro\/wp-content\/uploads\/2025\/05\/CdA-LOGO-RO.png","width":1563,"height":482,"caption":"Centrul de Antreprenoriat\u00a0UBB"},"image":{"@id":"https:\/\/entrepreneurship.centre.ubbcluj.ro\/#\/schema\/logo\/image\/"}}]}},"rttpg_featured_image_url":null,"rttpg_author":{"display_name":"centru_antreprenor","author_link":"https:\/\/entrepreneurship.centre.ubbcluj.ro\/?author=1"},"rttpg_comment":0,"rttpg_category":" <a href=\"https:\/\/entrepreneurship.centre.ubbcluj.ro\/?lang=de\" rel=\"tag\">Deutsch<\/a>","rttpg_excerpt":"Gem\u00e4\u00df der geltenden Gesetzgebung (METHODOLOGISCHE NORMEN vom 16. April 2021 zur Gr\u00fcndung und Entwicklung von Spin-offs im Bereich Forschung, Entwicklung und Innovation) ist ein Spin-off ein wirtschaftlicher Rechtstr\u00e4ger in Form einer Handelsgesellschaft, dessen T\u00e4tigkeit auf die Verwertung der Ergebnisse von Forschungs- und Entwicklungsaktivit\u00e4ten gerichtet ist, die von den Mitarbeitern der Forschungseinrichtung erzielt wurden. Daher unterliegt&hellip;","_links":{"self":[{"href":"https:\/\/entrepreneurship.centre.ubbcluj.ro\/index.php?rest_route=\/wp\/v2\/pages\/1827","targetHints":{"allow":["GET"]}}],"collection":[{"href":"https:\/\/entrepreneurship.centre.ubbcluj.ro\/index.php?rest_route=\/wp\/v2\/pages"}],"about":[{"href":"https:\/\/entrepreneurship.centre.ubbcluj.ro\/index.php?rest_route=\/wp\/v2\/types\/page"}],"author":[{"embeddable":true,"href":"https:\/\/entrepreneurship.centre.ubbcluj.ro\/index.php?rest_route=\/wp\/v2\/users\/1"}],"replies":[{"embeddable":true,"href":"https:\/\/entrepreneurship.centre.ubbcluj.ro\/index.php?rest_route=%2Fwp%2Fv2%2Fcomments&post=1827"}],"version-history":[{"count":1,"href":"https:\/\/entrepreneurship.centre.ubbcluj.ro\/index.php?rest_route=\/wp\/v2\/pages\/1827\/revisions"}],"predecessor-version":[{"id":1828,"href":"https:\/\/entrepreneurship.centre.ubbcluj.ro\/index.php?rest_route=\/wp\/v2\/pages\/1827\/revisions\/1828"}],"wp:attachment":[{"href":"https:\/\/entrepreneurship.centre.ubbcluj.ro\/index.php?rest_route=%2Fwp%2Fv2%2Fmedia&parent=1827"}],"curies":[{"name":"wp","href":"https:\/\/api.w.org\/{rel}","templated":true}]}}