{"id":1801,"date":"2025-07-22T11:45:58","date_gmt":"2025-07-22T11:45:58","guid":{"rendered":"https:\/\/entrepreneurship.centre.ubbcluj.ro\/?page_id=1801"},"modified":"2025-07-22T13:03:28","modified_gmt":"2025-07-22T13:03:28","slug":"startupm","status":"publish","type":"page","link":"https:\/\/entrepreneurship.centre.ubbcluj.ro\/?page_id=1801&lang=hu","title":{"rendered":"startupm"},"content":{"rendered":"<p><strong>Hat\u00e1lyos jogszab\u00e1lyok szerint (2021. \u00e1prilis 16-i M\u00f3dszertani Szab\u00e1lyok a kutat\u00e1s-fejleszt\u00e9si \u00e9s innov\u00e1ci\u00f3s spin-off v\u00e1llalkoz\u00e1sok alap\u00edt\u00e1s\u00e1r\u00f3l \u00e9s fejleszt\u00e9s\u00e9r\u0151l), a spin-off egy olyan jogi szem\u00e9lyis\u00e9ggel rendelkez\u0151 gazdas\u00e1gi szerepl\u0151, amely kereskedelmi t\u00e1rsas\u00e1g form\u00e1j\u00e1ban m\u0171k\u00f6dik, \u00e9s tev\u00e9kenys\u00e9ge a kutat\u00f3int\u00e9zet szem\u00e9lyzet\u00e9nek kutat\u00e1s-fejleszt\u00e9si eredm\u00e9nyeinek hasznos\u00edt\u00e1s\u00e1ra ir\u00e1nyul. Ennek megfelel\u0151en a spin-off a kereskedelmi t\u00e1rsas\u00e1gokra vonatkoz\u00f3 szab\u00e1lyoz\u00e1sok hat\u00e1lya al\u00e1 tartozik, melyek tev\u00e9kenys\u00e9ge tudom\u00e1nyos ismeretek, kutat\u00e1si eredm\u00e9nyek, technol\u00f3gi\u00e1k vagy m\u0171szaki illetve adminisztrat\u00edv innov\u00e1ci\u00f3k hasznos\u00edt\u00e1s\u00e1ra ir\u00e1nyulnak, \u00e9s amelyekben a kutat\u00f3int\u00e9zet r\u00e9szt vehet.<\/strong><\/p>\n<p><strong>A Babe\u0219-Bolyai Egyetem el\u0151seg\u00edti minden alkalmazott diszkrimin\u00e1ci\u00f3mentes r\u00e9szv\u00e9tel\u00e9t mind spin-off c\u00e9gek alap\u00edt\u00e1s\u00e1ban, mind m\u0171k\u00f6dtet\u00e9s\u00e9ben. Az Egyetem t\u00e1mogatja a spin-off c\u00e9gek megalap\u00edt\u00e1s\u00e1t saj\u00e1t affil\u00e1ci\u00f3 alatt, mind p\u00e9nz\u00fcgyi, mind egy\u00e9b eszk\u00f6z\u00f6kkel.<\/strong><\/p>\n<p><strong>UBB spin-off c\u00e9gek \u2013 fejlesztett kompetenci\u00e1k, az egyetemen el\u00e9rt eredm\u00e9nyek<\/strong><\/p>\n<table>\n<thead>\n<tr>\n<td><strong>Ssz.<\/strong><\/td>\n<td><strong>C\u00e9g neve<\/strong><\/td>\n<td><strong>Alap\u00edt\u00e1s \u00e9ve<\/strong><\/td>\n<td><strong>Web link<\/strong><\/td>\n<td><strong>R\u00f6vid le\u00edr\u00e1s<\/strong><\/td>\n<\/tr>\n<\/thead>\n<tbody>\n<tr>\n<td><strong>1<\/strong><\/td>\n<td><strong>SC Psychological Solutions and Technologies SRL<\/strong><\/td>\n<td><strong>2023<\/strong><\/td>\n<td><\/td>\n<td><strong>Kutat\u00e1s \u00e9s k\u00eds\u00e9rleti fejleszt\u00e9s a t\u00e1rsadalomtudom\u00e1nyok \u00e9s b\u00f6lcs\u00e9szettudom\u00e1nyok ter\u00fclet\u00e9n. Kapcsolattart\u00f3: Oana David.<\/strong><\/td>\n<\/tr>\n<tr>\n<td><strong>2<\/strong><\/td>\n<td><strong>SC RADON CONTROL SA<\/strong><\/td>\n<td><strong>2020<\/strong><\/td>\n<td><a href=\"https:\/\/radoncontrol.ro\"><strong>https:\/\/radoncontrol.ro<\/strong><\/a><\/td>\n<td><strong>Innovat\u00edv rendszer a radonexpoz\u00edci\u00f3 monitoroz\u00e1s\u00e1ra, szab\u00e1lyoz\u00e1s\u00e1ra \u00e9s cs\u00f6kkent\u00e9s\u00e9re. Eredm\u00e9nyek: a lakoss\u00e1g biztons\u00e1g\u00e1nak \u00e9s eg\u00e9szs\u00e9g\u00e9nek n\u00f6vel\u00e9se, belt\u00e9ri k\u00f6rnyezeti min\u0151s\u00e9g jav\u00edt\u00e1sa, valamint az energiatakar\u00e9koss\u00e1g optimaliz\u00e1l\u00e1sa intelligens integr\u00e1lt rendszerek fejleszt\u00e9s\u00e9vel a radon \u00e9s egy\u00e9b h\u00e1ztart\u00e1si szennyez\u0151k expoz\u00edci\u00f3j\u00e1nak monitoroz\u00e1s\u00e1ra \u00e9s cs\u00f6kkent\u00e9s\u00e9re, innovat\u00edv interdiszciplin\u00e1ris kutat\u00e1sok alapj\u00e1n.<\/strong><\/td>\n<\/tr>\n<tr>\n<td><strong>3<\/strong><\/td>\n<td><strong>SC Chocolate Management SRL<\/strong><\/td>\n<td><strong>2017<\/strong><\/td>\n<td><strong>Krausz.ro<\/strong><\/td>\n<td><strong>Innovat\u00edv k\u00e9zm\u0171ves term\u00e9kek \u00e9rt\u00e9kes\u00edt\u00e9se.<\/strong><\/td>\n<\/tr>\n<tr>\n<td><strong>4<\/strong><\/td>\n<td><strong>Polyp Communications SRL<\/strong><\/td>\n<td><strong>2017<\/strong><\/td>\n<td><strong>divads.ro<\/strong><\/td>\n<td><strong>A Diversity Advertising online \u00e9s offline kamp\u00e1nyok k\u00e9sz\u00edt\u00e9s\u00e9vel, webdesignnal \u00e9s fejleszt\u00e9ssel, valamint v\u00e1llalati arculattervez\u00e9ssel foglalkozik c\u00e9gek, szervezetek \u00e9s rendezv\u00e9nyek sz\u00e1m\u00e1ra vizu\u00e1lis elemek (design, fot\u00f3, vide\u00f3) seg\u00edts\u00e9g\u00e9vel.<\/strong><\/td>\n<\/tr>\n<tr>\n<td><strong>5<\/strong><\/td>\n<td><strong>Nature Education Community Center SRL<\/strong><\/td>\n<td><strong>2018<\/strong><\/td>\n<td><a href=\"https:\/\/www.facebook.com\/necces\"><strong>https:\/\/www.facebook.com\/necces<\/strong><\/a><\/td>\n<td><strong>\u00d6kol\u00f3giai oktat\u00e1si szolg\u00e1ltat\u00e1sok \u00e9s innovat\u00edv \u00f6kol\u00f3giai term\u00e9kek iskol\u00e1k \u00e9s k\u00f6z\u00f6ss\u00e9gek sz\u00e1m\u00e1ra.<\/strong><\/td>\n<\/tr>\n<tr>\n<td><strong>6<\/strong><\/td>\n<td><strong>SC AllWood RCM SRL<\/strong><\/td>\n<td><strong>2019<\/strong><\/td>\n<td><strong>casilex.ro<\/strong><\/td>\n<td><strong>Okos b\u00fatorok az \u00faj digit\u00e1lis kor sz\u00e1m\u00e1ra.<\/strong><\/td>\n<\/tr>\n<tr>\n<td><strong>7<\/strong><\/td>\n<td><strong>SC iSpace SRL<\/strong><\/td>\n<td><strong>2019<\/strong><\/td>\n<td><a href=\"https:\/\/www.facebook.com\/ispaceromania\"><strong>https:\/\/www.facebook.com\/ispaceromania<\/strong><\/a><\/td>\n<td><strong>Elektronikai eszk\u00f6z\u00f6k ell\u00e1t\u00e1sa.<\/strong><\/td>\n<\/tr>\n<tr>\n<td><strong>8<\/strong><\/td>\n<td><strong>Division Boutique Agency SRL<\/strong><\/td>\n<td><strong>2018<\/strong><\/td>\n<td><a href=\"https:\/\/teamdba.co\"><strong>https:\/\/teamdba.co<\/strong><\/a><\/td>\n<td><strong>Emberk\u00f6zpont\u00fa tervez\u00e9si megold\u00e1sok fejleszt\u00e9se m\u00e1rkastrat\u00e9gia \u00e9s vizu\u00e1lis identit\u00e1s ter\u00fclet\u00e9n.<\/strong><\/td>\n<\/tr>\n<tr>\n<td><strong>9<\/strong><\/td>\n<td><strong>CodexWorks Technologies<\/strong><\/td>\n<td><strong>2017<\/strong><\/td>\n<td><a href=\"https:\/\/codexworks.com\"><strong>https:\/\/codexworks.com<\/strong><\/a><\/td>\n<td><strong>Szem\u00e9lyre szabott webes megold\u00e1sok fejleszt\u00e9se, \u00fczleti folyamatok automatiz\u00e1l\u00e1sa.<\/strong><\/td>\n<\/tr>\n<tr>\n<td><strong>10<\/strong><\/td>\n<td><strong>Prisma Platform Solution SRL<\/strong><\/td>\n<td><strong>2020<\/strong><\/td>\n<td><a href=\"https:\/\/theprismaplatform.com\"><strong>https:\/\/theprismaplatform.com<\/strong><\/a><\/td>\n<td><strong>Integr\u00e1lt kommunik\u00e1ci\u00f3s megold\u00e1sok fejleszt\u00e9se c\u00e9gek sz\u00e1m\u00e1ra.<\/strong><\/td>\n<\/tr>\n<tr>\n<td><strong>11<\/strong><\/td>\n<td><strong>Biomed Data Analytics SRL<\/strong><\/td>\n<td><strong>2020<\/strong><\/td>\n<td><\/td>\n<td><strong>Kutat\u00e1s az intelligens specializ\u00e1ci\u00f3k ter\u00fclet\u00e9n, k\u00fcl\u00f6n\u00f6sen a biomedicin\u00e1lis ter\u00fcleten, biomedicin\u00e1lis adatok elemz\u00e9se t\u00f6bbv\u00e1ltoz\u00f3s statisztik\u00e1val \u00e9s mesters\u00e9ges intelligencia seg\u00edts\u00e9g\u00e9vel.<\/strong><\/td>\n<\/tr>\n<tr>\n<td><strong>12<\/strong><\/td>\n<td><strong>LEGAL TECH SOLUTIONS SRL<\/strong><\/td>\n<td><strong>2020<\/strong><\/td>\n<td><strong>gdprgenerator.ro<\/strong><\/td>\n<td><strong>A v\u00e1llalat tev\u00e9kenys\u00e9ge jogi technol\u00f3giai szolg\u00e1ltat\u00e1sok ny\u00fajt\u00e1sa (k\u00fcl\u00f6n\u00f6sen szoftver a jog ter\u00fclet\u00e9n) saj\u00e1t term\u00e9kkel \u00e9s megrendel\u00e9sre. A c\u00e9g f\u0151 eszk\u00f6ze egy adatv\u00e9delmi szab\u00e1lyzat-gener\u00e1tor weboldalak sz\u00e1m\u00e1ra.<\/strong><\/td>\n<\/tr>\n<tr>\n<td><strong>13<\/strong><\/td>\n<td><strong>KNm Concept SRL<\/strong><\/td>\n<td><strong>2021<\/strong><\/td>\n<td><a href=\"http:\/\/www.knm.ro\"><strong>www.knm.ro<\/strong><\/a><\/td>\n<td><strong>Tervez\u00e9si \u00e9s m\u00e9rn\u00f6ki szolg\u00e1ltat\u00e1sok t\u00e1mogat\u00e1sos projektekhez.<\/strong><\/td>\n<\/tr>\n<tr>\n<td><strong>14<\/strong><\/td>\n<td><strong>MIDRIGAN BUSINESS GROUP SRL S.R.L.<\/strong><\/td>\n<td><strong>2020<\/strong><\/td>\n<td><\/td>\n<td><strong>I) DIGITAL PERFORMANCE ADS S.R.L. \u2013 2020 m\u00e1jus \u2013 Digit\u00e1lis marketing \u00e9s online automatiz\u00e1l\u00e1si \u00fcgyn\u00f6ks\u00e9g \u2013 <\/strong><a href=\"https:\/\/performads.ro\/\"><strong>https:\/\/performads.ro\/<\/strong><\/a><strong> II) Cump\u0103r Rom\u00e2nesc \u2013 2023 m\u00e1jus \u2013 Platform helyi rom\u00e1n termel\u0151knek \u00e9s fogyaszt\u00f3knak \u2013 <\/strong><a href=\"https:\/\/cumpar-romanesc.ro\/\"><strong>https:\/\/cumpar-romanesc.ro\/<\/strong><\/a><strong> III) Midrigan\u2019s Bees \u2013 2024 szeptember \u2013 M\u00e9h\u00e9szeti \u00e9s nem m\u00e9h\u00e9szeti kieg\u00e9sz\u00edt\u0151k forgalmaz\u00f3ja Rom\u00e1ni\u00e1ban \u2013 <\/strong><a href=\"https:\/\/midrigansbees.ro\/\"><strong>https:\/\/midrigansbees.ro\/<\/strong><\/a><\/td>\n<\/tr>\n<tr>\n<td><strong>15<\/strong><\/td>\n<td><strong>Next Quarter Coffee SRL<\/strong><\/td>\n<td><strong>2023<\/strong><\/td>\n<td><a href=\"https:\/\/nextquartercoffee.ro\/\"><strong>https:\/\/nextquartercoffee.ro\/<\/strong><\/a><\/td>\n<td><strong>Specialty coffee p\u00f6rk\u00f6l\u0151 \u00e9s forgalmaz\u00f3.<\/strong><\/td>\n<\/tr>\n<\/tbody>\n<\/table>\n","protected":false},"excerpt":{"rendered":"<p>Hat\u00e1lyos jogszab\u00e1lyok szerint (2021. \u00e1prilis 16-i M\u00f3dszertani Szab\u00e1lyok a kutat\u00e1s-fejleszt\u00e9si \u00e9s innov\u00e1ci\u00f3s spin-off v\u00e1llalkoz\u00e1sok alap\u00edt\u00e1s\u00e1r\u00f3l \u00e9s fejleszt\u00e9s\u00e9r\u0151l), a spin-off egy olyan jogi szem\u00e9lyis\u00e9ggel rendelkez\u0151 gazdas\u00e1gi szerepl\u0151, amely kereskedelmi t\u00e1rsas\u00e1g form\u00e1j\u00e1ban m\u0171k\u00f6dik, \u00e9s tev\u00e9kenys\u00e9ge a kutat\u00f3int\u00e9zet szem\u00e9lyzet\u00e9nek kutat\u00e1s-fejleszt\u00e9si eredm\u00e9nyeinek hasznos\u00edt\u00e1s\u00e1ra ir\u00e1nyul. Ennek megfelel\u0151en a spin-off a kereskedelmi t\u00e1rsas\u00e1gokra vonatkoz\u00f3 szab\u00e1lyoz\u00e1sok hat\u00e1lya al\u00e1 tartozik, melyek tev\u00e9kenys\u00e9ge tudom\u00e1nyos [&hellip;]<\/p>\n","protected":false},"author":1,"featured_media":0,"parent":0,"menu_order":0,"comment_status":"closed","ping_status":"closed","template":"elementor_theme","meta":{"footnotes":""},"class_list":["post-1801","page","type-page","status-publish","hentry","entry"],"yoast_head":"<!-- This site is optimized with the Yoast SEO plugin v25.7 - https:\/\/yoast.com\/wordpress\/plugins\/seo\/ -->\n<title>startupm - Centrul de Antreprenoriat\u00a0UBB<\/title>\n<meta name=\"robots\" content=\"index, follow, max-snippet:-1, max-image-preview:large, max-video-preview:-1\" \/>\n<link rel=\"canonical\" href=\"https:\/\/entrepreneurship.centre.ubbcluj.ro\/?page_id=1801&lang=hu\" \/>\n<meta property=\"og:locale\" content=\"en_US\" \/>\n<meta property=\"og:type\" content=\"article\" \/>\n<meta property=\"og:title\" content=\"startupm - Centrul de Antreprenoriat\u00a0UBB\" \/>\n<meta property=\"og:description\" content=\"Hat\u00e1lyos jogszab\u00e1lyok szerint (2021. \u00e1prilis 16-i M\u00f3dszertani Szab\u00e1lyok a kutat\u00e1s-fejleszt\u00e9si \u00e9s innov\u00e1ci\u00f3s spin-off v\u00e1llalkoz\u00e1sok alap\u00edt\u00e1s\u00e1r\u00f3l \u00e9s fejleszt\u00e9s\u00e9r\u0151l), a spin-off egy olyan jogi szem\u00e9lyis\u00e9ggel rendelkez\u0151 gazdas\u00e1gi szerepl\u0151, amely kereskedelmi t\u00e1rsas\u00e1g form\u00e1j\u00e1ban m\u0171k\u00f6dik, \u00e9s tev\u00e9kenys\u00e9ge a kutat\u00f3int\u00e9zet szem\u00e9lyzet\u00e9nek kutat\u00e1s-fejleszt\u00e9si eredm\u00e9nyeinek hasznos\u00edt\u00e1s\u00e1ra ir\u00e1nyul. Ennek megfelel\u0151en a spin-off a kereskedelmi t\u00e1rsas\u00e1gokra vonatkoz\u00f3 szab\u00e1lyoz\u00e1sok hat\u00e1lya al\u00e1 tartozik, melyek tev\u00e9kenys\u00e9ge tudom\u00e1nyos [&hellip;]\" \/>\n<meta property=\"og:url\" content=\"https:\/\/entrepreneurship.centre.ubbcluj.ro\/?page_id=1801&amp;lang=hu\" \/>\n<meta property=\"og:site_name\" content=\"Centrul de Antreprenoriat\u00a0UBB\" \/>\n<meta property=\"article:modified_time\" content=\"2025-07-22T13:03:28+00:00\" \/>\n<meta name=\"twitter:card\" content=\"summary_large_image\" \/>\n<meta name=\"twitter:label1\" content=\"Est. reading time\" \/>\n\t<meta name=\"twitter:data1\" content=\"4 minutes\" \/>\n<script type=\"application\/ld+json\" class=\"yoast-schema-graph\">{\"@context\":\"https:\/\/schema.org\",\"@graph\":[{\"@type\":\"WebPage\",\"@id\":\"https:\/\/entrepreneurship.centre.ubbcluj.ro\/?page_id=1801&lang=hu\",\"url\":\"https:\/\/entrepreneurship.centre.ubbcluj.ro\/?page_id=1801&lang=hu\",\"name\":\"startupm - Centrul de Antreprenoriat\u00a0UBB\",\"isPartOf\":{\"@id\":\"https:\/\/entrepreneurship.centre.ubbcluj.ro\/#website\"},\"datePublished\":\"2025-07-22T11:45:58+00:00\",\"dateModified\":\"2025-07-22T13:03:28+00:00\",\"breadcrumb\":{\"@id\":\"https:\/\/entrepreneurship.centre.ubbcluj.ro\/?page_id=1801&lang=hu#breadcrumb\"},\"inLanguage\":\"en-US\",\"potentialAction\":[{\"@type\":\"ReadAction\",\"target\":[\"https:\/\/entrepreneurship.centre.ubbcluj.ro\/?page_id=1801&lang=hu\"]}]},{\"@type\":\"BreadcrumbList\",\"@id\":\"https:\/\/entrepreneurship.centre.ubbcluj.ro\/?page_id=1801&lang=hu#breadcrumb\",\"itemListElement\":[{\"@type\":\"ListItem\",\"position\":1,\"name\":\"Home\",\"item\":\"https:\/\/entrepreneurship.centre.ubbcluj.ro\/\"},{\"@type\":\"ListItem\",\"position\":2,\"name\":\"startupm\"}]},{\"@type\":\"WebSite\",\"@id\":\"https:\/\/entrepreneurship.centre.ubbcluj.ro\/#website\",\"url\":\"https:\/\/entrepreneurship.centre.ubbcluj.ro\/\",\"name\":\"Centrul de Antreprenoriat\u00a0UBB\",\"description\":\"\",\"publisher\":{\"@id\":\"https:\/\/entrepreneurship.centre.ubbcluj.ro\/#organization\"},\"potentialAction\":[{\"@type\":\"SearchAction\",\"target\":{\"@type\":\"EntryPoint\",\"urlTemplate\":\"https:\/\/entrepreneurship.centre.ubbcluj.ro\/?s={search_term_string}\"},\"query-input\":{\"@type\":\"PropertyValueSpecification\",\"valueRequired\":true,\"valueName\":\"search_term_string\"}}],\"inLanguage\":\"en-US\"},{\"@type\":\"Organization\",\"@id\":\"https:\/\/entrepreneurship.centre.ubbcluj.ro\/#organization\",\"name\":\"Centrul de Antreprenoriat\u00a0UBB\",\"url\":\"https:\/\/entrepreneurship.centre.ubbcluj.ro\/\",\"logo\":{\"@type\":\"ImageObject\",\"inLanguage\":\"en-US\",\"@id\":\"https:\/\/entrepreneurship.centre.ubbcluj.ro\/#\/schema\/logo\/image\/\",\"url\":\"https:\/\/entrepreneurship.centre.ubbcluj.ro\/wp-content\/uploads\/2025\/05\/CdA-LOGO-RO.png\",\"contentUrl\":\"https:\/\/entrepreneurship.centre.ubbcluj.ro\/wp-content\/uploads\/2025\/05\/CdA-LOGO-RO.png\",\"width\":1563,\"height\":482,\"caption\":\"Centrul de Antreprenoriat\u00a0UBB\"},\"image\":{\"@id\":\"https:\/\/entrepreneurship.centre.ubbcluj.ro\/#\/schema\/logo\/image\/\"}}]}<\/script>\n<!-- \/ Yoast SEO plugin. -->","yoast_head_json":{"title":"startupm - Centrul de Antreprenoriat\u00a0UBB","robots":{"index":"index","follow":"follow","max-snippet":"max-snippet:-1","max-image-preview":"max-image-preview:large","max-video-preview":"max-video-preview:-1"},"canonical":"https:\/\/entrepreneurship.centre.ubbcluj.ro\/?page_id=1801&lang=hu","og_locale":"en_US","og_type":"article","og_title":"startupm - Centrul de Antreprenoriat\u00a0UBB","og_description":"Hat\u00e1lyos jogszab\u00e1lyok szerint (2021. \u00e1prilis 16-i M\u00f3dszertani Szab\u00e1lyok a kutat\u00e1s-fejleszt\u00e9si \u00e9s innov\u00e1ci\u00f3s spin-off v\u00e1llalkoz\u00e1sok alap\u00edt\u00e1s\u00e1r\u00f3l \u00e9s fejleszt\u00e9s\u00e9r\u0151l), a spin-off egy olyan jogi szem\u00e9lyis\u00e9ggel rendelkez\u0151 gazdas\u00e1gi szerepl\u0151, amely kereskedelmi t\u00e1rsas\u00e1g form\u00e1j\u00e1ban m\u0171k\u00f6dik, \u00e9s tev\u00e9kenys\u00e9ge a kutat\u00f3int\u00e9zet szem\u00e9lyzet\u00e9nek kutat\u00e1s-fejleszt\u00e9si eredm\u00e9nyeinek hasznos\u00edt\u00e1s\u00e1ra ir\u00e1nyul. Ennek megfelel\u0151en a spin-off a kereskedelmi t\u00e1rsas\u00e1gokra vonatkoz\u00f3 szab\u00e1lyoz\u00e1sok hat\u00e1lya al\u00e1 tartozik, melyek tev\u00e9kenys\u00e9ge tudom\u00e1nyos [&hellip;]","og_url":"https:\/\/entrepreneurship.centre.ubbcluj.ro\/?page_id=1801&lang=hu","og_site_name":"Centrul de Antreprenoriat\u00a0UBB","article_modified_time":"2025-07-22T13:03:28+00:00","twitter_card":"summary_large_image","twitter_misc":{"Est. reading time":"4 minutes"},"schema":{"@context":"https:\/\/schema.org","@graph":[{"@type":"WebPage","@id":"https:\/\/entrepreneurship.centre.ubbcluj.ro\/?page_id=1801&lang=hu","url":"https:\/\/entrepreneurship.centre.ubbcluj.ro\/?page_id=1801&lang=hu","name":"startupm - Centrul de Antreprenoriat\u00a0UBB","isPartOf":{"@id":"https:\/\/entrepreneurship.centre.ubbcluj.ro\/#website"},"datePublished":"2025-07-22T11:45:58+00:00","dateModified":"2025-07-22T13:03:28+00:00","breadcrumb":{"@id":"https:\/\/entrepreneurship.centre.ubbcluj.ro\/?page_id=1801&lang=hu#breadcrumb"},"inLanguage":"en-US","potentialAction":[{"@type":"ReadAction","target":["https:\/\/entrepreneurship.centre.ubbcluj.ro\/?page_id=1801&lang=hu"]}]},{"@type":"BreadcrumbList","@id":"https:\/\/entrepreneurship.centre.ubbcluj.ro\/?page_id=1801&lang=hu#breadcrumb","itemListElement":[{"@type":"ListItem","position":1,"name":"Home","item":"https:\/\/entrepreneurship.centre.ubbcluj.ro\/"},{"@type":"ListItem","position":2,"name":"startupm"}]},{"@type":"WebSite","@id":"https:\/\/entrepreneurship.centre.ubbcluj.ro\/#website","url":"https:\/\/entrepreneurship.centre.ubbcluj.ro\/","name":"Centrul de Antreprenoriat\u00a0UBB","description":"","publisher":{"@id":"https:\/\/entrepreneurship.centre.ubbcluj.ro\/#organization"},"potentialAction":[{"@type":"SearchAction","target":{"@type":"EntryPoint","urlTemplate":"https:\/\/entrepreneurship.centre.ubbcluj.ro\/?s={search_term_string}"},"query-input":{"@type":"PropertyValueSpecification","valueRequired":true,"valueName":"search_term_string"}}],"inLanguage":"en-US"},{"@type":"Organization","@id":"https:\/\/entrepreneurship.centre.ubbcluj.ro\/#organization","name":"Centrul de Antreprenoriat\u00a0UBB","url":"https:\/\/entrepreneurship.centre.ubbcluj.ro\/","logo":{"@type":"ImageObject","inLanguage":"en-US","@id":"https:\/\/entrepreneurship.centre.ubbcluj.ro\/#\/schema\/logo\/image\/","url":"https:\/\/entrepreneurship.centre.ubbcluj.ro\/wp-content\/uploads\/2025\/05\/CdA-LOGO-RO.png","contentUrl":"https:\/\/entrepreneurship.centre.ubbcluj.ro\/wp-content\/uploads\/2025\/05\/CdA-LOGO-RO.png","width":1563,"height":482,"caption":"Centrul de Antreprenoriat\u00a0UBB"},"image":{"@id":"https:\/\/entrepreneurship.centre.ubbcluj.ro\/#\/schema\/logo\/image\/"}}]}},"rttpg_featured_image_url":null,"rttpg_author":{"display_name":"centru_antreprenor","author_link":"https:\/\/entrepreneurship.centre.ubbcluj.ro\/?author=1"},"rttpg_comment":0,"rttpg_category":" <a href=\"https:\/\/entrepreneurship.centre.ubbcluj.ro\/?lang=hu\" rel=\"tag\">Magyar<\/a>","rttpg_excerpt":"Hat\u00e1lyos jogszab\u00e1lyok szerint (2021. \u00e1prilis 16-i M\u00f3dszertani Szab\u00e1lyok a kutat\u00e1s-fejleszt\u00e9si \u00e9s innov\u00e1ci\u00f3s spin-off v\u00e1llalkoz\u00e1sok alap\u00edt\u00e1s\u00e1r\u00f3l \u00e9s fejleszt\u00e9s\u00e9r\u0151l), a spin-off egy olyan jogi szem\u00e9lyis\u00e9ggel rendelkez\u0151 gazdas\u00e1gi szerepl\u0151, amely kereskedelmi t\u00e1rsas\u00e1g form\u00e1j\u00e1ban m\u0171k\u00f6dik, \u00e9s tev\u00e9kenys\u00e9ge a kutat\u00f3int\u00e9zet szem\u00e9lyzet\u00e9nek kutat\u00e1s-fejleszt\u00e9si eredm\u00e9nyeinek hasznos\u00edt\u00e1s\u00e1ra ir\u00e1nyul. Ennek megfelel\u0151en a spin-off a kereskedelmi t\u00e1rsas\u00e1gokra vonatkoz\u00f3 szab\u00e1lyoz\u00e1sok hat\u00e1lya al\u00e1 tartozik, melyek tev\u00e9kenys\u00e9ge tudom\u00e1nyos&hellip;","_links":{"self":[{"href":"https:\/\/entrepreneurship.centre.ubbcluj.ro\/index.php?rest_route=\/wp\/v2\/pages\/1801","targetHints":{"allow":["GET"]}}],"collection":[{"href":"https:\/\/entrepreneurship.centre.ubbcluj.ro\/index.php?rest_route=\/wp\/v2\/pages"}],"about":[{"href":"https:\/\/entrepreneurship.centre.ubbcluj.ro\/index.php?rest_route=\/wp\/v2\/types\/page"}],"author":[{"embeddable":true,"href":"https:\/\/entrepreneurship.centre.ubbcluj.ro\/index.php?rest_route=\/wp\/v2\/users\/1"}],"replies":[{"embeddable":true,"href":"https:\/\/entrepreneurship.centre.ubbcluj.ro\/index.php?rest_route=%2Fwp%2Fv2%2Fcomments&post=1801"}],"version-history":[{"count":13,"href":"https:\/\/entrepreneurship.centre.ubbcluj.ro\/index.php?rest_route=\/wp\/v2\/pages\/1801\/revisions"}],"predecessor-version":[{"id":1824,"href":"https:\/\/entrepreneurship.centre.ubbcluj.ro\/index.php?rest_route=\/wp\/v2\/pages\/1801\/revisions\/1824"}],"wp:attachment":[{"href":"https:\/\/entrepreneurship.centre.ubbcluj.ro\/index.php?rest_route=%2Fwp%2Fv2%2Fmedia&parent=1801"}],"curies":[{"name":"wp","href":"https:\/\/api.w.org\/{rel}","templated":true}]}}