{"id":1316,"date":"2025-07-14T13:51:01","date_gmt":"2025-07-14T13:51:01","guid":{"rendered":"https:\/\/entrepreneurship.centre.ubbcluj.ro\/?page_id=1316"},"modified":"2025-09-12T06:38:15","modified_gmt":"2025-09-12T06:38:15","slug":"lass-uns-uber-dein-vorhaben-sprechen","status":"publish","type":"page","link":"https:\/\/entrepreneurship.centre.ubbcluj.ro\/?page_id=1316&lang=de","title":{"rendered":"Lass uns \u00fcber dein Vorhaben sprechen!"},"content":{"rendered":"\n<p><\/p>\n\n\n\n<div class=\"wp-block-columns alignfull is-layout-flex wp-container-core-columns-is-layout-9d6595d7 wp-block-columns-is-layout-flex\">\n<div class=\"wp-block-column is-layout-flow wp-block-column-is-layout-flow\"><\/div>\n\n\n\n<div class=\"wp-block-column is-layout-flow wp-block-column-is-layout-flow\">\n<figure class=\"wp-block-image size-full\"><img fetchpriority=\"high\" decoding=\"async\" width=\"600\" height=\"400\" src=\"https:\/\/entrepreneurship.centre.ubbcluj.ro\/wp-content\/uploads\/2025\/07\/depositphotos_23185896-stock-photo-handshake-hand-holding-on-black.webp\" alt=\"\" class=\"wp-image-701\" style=\"object-fit:cover\" srcset=\"https:\/\/entrepreneurship.centre.ubbcluj.ro\/wp-content\/uploads\/2025\/07\/depositphotos_23185896-stock-photo-handshake-hand-holding-on-black.webp 600w, https:\/\/entrepreneurship.centre.ubbcluj.ro\/wp-content\/uploads\/2025\/07\/depositphotos_23185896-stock-photo-handshake-hand-holding-on-black-300x200.webp 300w\" sizes=\"(max-width: 600px) 100vw, 600px\" \/><\/figure>\n\n\n\n<p><strong>Lass uns \u00fcber dein Vorhaben sprechen!<\/strong><\/p>\n\n\n\n<p>Du hast eine Idee? Oder brauchst du Klarheit \u00fcber deine n\u00e4chsten Schritte? Im Zentrum f\u00fcr Unternehmertum der Babe\u0219-Bolyai-Universit\u00e4t erwarten wir dich mit offenen T\u00fcren und einem offenen Terminkalender \u2013 f\u00fcr ein ehrliches, praxisnahes und pers\u00f6nliches Gespr\u00e4ch \u00fcber deine unternehmerische Zukunft.<\/p>\n\n\n\n<p>\ud83d\udccd 3. Etage der Juristischen Fakult\u00e4t, Raum 316.<\/p>\n\n\n\n<p>Wir bieten dir Unterst\u00fctzung, Beratung und Ressourcen \u2013 ma\u00dfgeschneidert auf deine Bed\u00fcrfnisse, egal ob du am Anfang stehst oder deine Idee bereits entwickelst.<\/p>\n\n\n\n<p>\u2615 Komm auf einen Kaffee vorbei. Keine Formalit\u00e4ten. Nur ein echtes Gespr\u00e4ch \u00fcber deinen Traum vom eigenen Unternehmen<\/p>\n\n\n\n<iframe width=\"640px\" height=\"1500px\" src=\"https:\/\/forms.office.com\/Pages\/ResponsePage.aspx?id=7WNIWshA1U-CmPv9t_EwldIlJ4STuHhIrM1dguipXz1UQlI3QjVaTzAxTUgzVkJNTkM0WFBaSDk1VC4u&#038;embed=true\" frameborder=\"0\" marginwidth=\"0\" marginheight=\"0\" style=\"border: none; max-width:100%; max-height:100vh\" allowfullscreen webkitallowfullscreen mozallowfullscreen msallowfullscreen> <\/iframe>\n<\/div>\n\n\n\n<div class=\"wp-block-column is-layout-flow wp-block-column-is-layout-flow\"><\/div>\n<\/div>\n\n\n\n<p><\/p>\n","protected":false},"excerpt":{"rendered":"<p>Lass uns \u00fcber dein Vorhaben sprechen! Du hast eine Idee? Oder brauchst du Klarheit \u00fcber deine n\u00e4chsten Schritte? Im Zentrum f\u00fcr Unternehmertum der Babe\u0219-Bolyai-Universit\u00e4t erwarten wir dich mit offenen T\u00fcren und einem offenen Terminkalender \u2013 f\u00fcr ein ehrliches, praxisnahes und pers\u00f6nliches Gespr\u00e4ch \u00fcber deine unternehmerische Zukunft. \ud83d\udccd 3. Etage der Juristischen Fakult\u00e4t, Raum 316. Wir [&hellip;]<\/p>\n","protected":false},"author":1,"featured_media":0,"parent":0,"menu_order":0,"comment_status":"closed","ping_status":"closed","template":"elementor_header_footer","meta":{"footnotes":""},"class_list":["post-1316","page","type-page","status-publish","hentry","entry"],"yoast_head":"<!-- This site is optimized with the Yoast SEO plugin v25.7 - https:\/\/yoast.com\/wordpress\/plugins\/seo\/ -->\n<title>Lass uns \u00fcber dein Vorhaben sprechen! - Centrul de Antreprenoriat\u00a0UBB<\/title>\n<meta name=\"robots\" content=\"index, follow, max-snippet:-1, max-image-preview:large, max-video-preview:-1\" \/>\n<link rel=\"canonical\" href=\"https:\/\/entrepreneurship.centre.ubbcluj.ro\/?page_id=1316&lang=de\" \/>\n<meta property=\"og:locale\" content=\"en_US\" \/>\n<meta property=\"og:type\" content=\"article\" \/>\n<meta property=\"og:title\" content=\"Lass uns \u00fcber dein Vorhaben sprechen! - Centrul de Antreprenoriat\u00a0UBB\" \/>\n<meta property=\"og:description\" content=\"Lass uns \u00fcber dein Vorhaben sprechen! Du hast eine Idee? Oder brauchst du Klarheit \u00fcber deine n\u00e4chsten Schritte? Im Zentrum f\u00fcr Unternehmertum der Babe\u0219-Bolyai-Universit\u00e4t erwarten wir dich mit offenen T\u00fcren und einem offenen Terminkalender \u2013 f\u00fcr ein ehrliches, praxisnahes und pers\u00f6nliches Gespr\u00e4ch \u00fcber deine unternehmerische Zukunft. \ud83d\udccd 3. Etage der Juristischen Fakult\u00e4t, Raum 316. Wir [&hellip;]\" \/>\n<meta property=\"og:url\" content=\"https:\/\/entrepreneurship.centre.ubbcluj.ro\/?page_id=1316&amp;lang=de\" \/>\n<meta property=\"og:site_name\" content=\"Centrul de Antreprenoriat\u00a0UBB\" \/>\n<meta property=\"article:modified_time\" content=\"2025-09-12T06:38:15+00:00\" \/>\n<meta property=\"og:image\" content=\"https:\/\/entrepreneurship.centre.ubbcluj.ro\/wp-content\/uploads\/2025\/07\/depositphotos_23185896-stock-photo-handshake-hand-holding-on-black.webp\" \/>\n\t<meta property=\"og:image:width\" content=\"600\" \/>\n\t<meta property=\"og:image:height\" content=\"400\" \/>\n\t<meta property=\"og:image:type\" content=\"image\/webp\" \/>\n<meta name=\"twitter:card\" content=\"summary_large_image\" \/>\n<meta name=\"twitter:label1\" content=\"Est. reading time\" \/>\n\t<meta name=\"twitter:data1\" content=\"1 minute\" \/>\n<script type=\"application\/ld+json\" class=\"yoast-schema-graph\">{\"@context\":\"https:\/\/schema.org\",\"@graph\":[{\"@type\":\"WebPage\",\"@id\":\"https:\/\/entrepreneurship.centre.ubbcluj.ro\/?page_id=1316&lang=de\",\"url\":\"https:\/\/entrepreneurship.centre.ubbcluj.ro\/?page_id=1316&lang=de\",\"name\":\"Lass uns \u00fcber dein Vorhaben sprechen! - Centrul de Antreprenoriat\u00a0UBB\",\"isPartOf\":{\"@id\":\"https:\/\/entrepreneurship.centre.ubbcluj.ro\/#website\"},\"primaryImageOfPage\":{\"@id\":\"https:\/\/entrepreneurship.centre.ubbcluj.ro\/?page_id=1316&lang=de#primaryimage\"},\"image\":{\"@id\":\"https:\/\/entrepreneurship.centre.ubbcluj.ro\/?page_id=1316&lang=de#primaryimage\"},\"thumbnailUrl\":\"https:\/\/entrepreneurship.centre.ubbcluj.ro\/wp-content\/uploads\/2025\/07\/depositphotos_23185896-stock-photo-handshake-hand-holding-on-black.webp\",\"datePublished\":\"2025-07-14T13:51:01+00:00\",\"dateModified\":\"2025-09-12T06:38:15+00:00\",\"breadcrumb\":{\"@id\":\"https:\/\/entrepreneurship.centre.ubbcluj.ro\/?page_id=1316&lang=de#breadcrumb\"},\"inLanguage\":\"en-US\",\"potentialAction\":[{\"@type\":\"ReadAction\",\"target\":[\"https:\/\/entrepreneurship.centre.ubbcluj.ro\/?page_id=1316&lang=de\"]}]},{\"@type\":\"ImageObject\",\"inLanguage\":\"en-US\",\"@id\":\"https:\/\/entrepreneurship.centre.ubbcluj.ro\/?page_id=1316&lang=de#primaryimage\",\"url\":\"https:\/\/entrepreneurship.centre.ubbcluj.ro\/wp-content\/uploads\/2025\/07\/depositphotos_23185896-stock-photo-handshake-hand-holding-on-black.webp\",\"contentUrl\":\"https:\/\/entrepreneurship.centre.ubbcluj.ro\/wp-content\/uploads\/2025\/07\/depositphotos_23185896-stock-photo-handshake-hand-holding-on-black.webp\",\"width\":600,\"height\":400},{\"@type\":\"BreadcrumbList\",\"@id\":\"https:\/\/entrepreneurship.centre.ubbcluj.ro\/?page_id=1316&lang=de#breadcrumb\",\"itemListElement\":[{\"@type\":\"ListItem\",\"position\":1,\"name\":\"Home\",\"item\":\"https:\/\/entrepreneurship.centre.ubbcluj.ro\/\"},{\"@type\":\"ListItem\",\"position\":2,\"name\":\"Lass uns \u00fcber dein Vorhaben sprechen!\"}]},{\"@type\":\"WebSite\",\"@id\":\"https:\/\/entrepreneurship.centre.ubbcluj.ro\/#website\",\"url\":\"https:\/\/entrepreneurship.centre.ubbcluj.ro\/\",\"name\":\"Centrul de Antreprenoriat\u00a0UBB\",\"description\":\"\",\"publisher\":{\"@id\":\"https:\/\/entrepreneurship.centre.ubbcluj.ro\/#organization\"},\"potentialAction\":[{\"@type\":\"SearchAction\",\"target\":{\"@type\":\"EntryPoint\",\"urlTemplate\":\"https:\/\/entrepreneurship.centre.ubbcluj.ro\/?s={search_term_string}\"},\"query-input\":{\"@type\":\"PropertyValueSpecification\",\"valueRequired\":true,\"valueName\":\"search_term_string\"}}],\"inLanguage\":\"en-US\"},{\"@type\":\"Organization\",\"@id\":\"https:\/\/entrepreneurship.centre.ubbcluj.ro\/#organization\",\"name\":\"Centrul de Antreprenoriat\u00a0UBB\",\"url\":\"https:\/\/entrepreneurship.centre.ubbcluj.ro\/\",\"logo\":{\"@type\":\"ImageObject\",\"inLanguage\":\"en-US\",\"@id\":\"https:\/\/entrepreneurship.centre.ubbcluj.ro\/#\/schema\/logo\/image\/\",\"url\":\"https:\/\/entrepreneurship.centre.ubbcluj.ro\/wp-content\/uploads\/2025\/05\/CdA-LOGO-RO.png\",\"contentUrl\":\"https:\/\/entrepreneurship.centre.ubbcluj.ro\/wp-content\/uploads\/2025\/05\/CdA-LOGO-RO.png\",\"width\":1563,\"height\":482,\"caption\":\"Centrul de Antreprenoriat\u00a0UBB\"},\"image\":{\"@id\":\"https:\/\/entrepreneurship.centre.ubbcluj.ro\/#\/schema\/logo\/image\/\"}}]}<\/script>\n<!-- \/ Yoast SEO plugin. -->","yoast_head_json":{"title":"Lass uns \u00fcber dein Vorhaben sprechen! - Centrul de Antreprenoriat\u00a0UBB","robots":{"index":"index","follow":"follow","max-snippet":"max-snippet:-1","max-image-preview":"max-image-preview:large","max-video-preview":"max-video-preview:-1"},"canonical":"https:\/\/entrepreneurship.centre.ubbcluj.ro\/?page_id=1316&lang=de","og_locale":"en_US","og_type":"article","og_title":"Lass uns \u00fcber dein Vorhaben sprechen! - Centrul de Antreprenoriat\u00a0UBB","og_description":"Lass uns \u00fcber dein Vorhaben sprechen! Du hast eine Idee? Oder brauchst du Klarheit \u00fcber deine n\u00e4chsten Schritte? Im Zentrum f\u00fcr Unternehmertum der Babe\u0219-Bolyai-Universit\u00e4t erwarten wir dich mit offenen T\u00fcren und einem offenen Terminkalender \u2013 f\u00fcr ein ehrliches, praxisnahes und pers\u00f6nliches Gespr\u00e4ch \u00fcber deine unternehmerische Zukunft. \ud83d\udccd 3. Etage der Juristischen Fakult\u00e4t, Raum 316. Wir [&hellip;]","og_url":"https:\/\/entrepreneurship.centre.ubbcluj.ro\/?page_id=1316&lang=de","og_site_name":"Centrul de Antreprenoriat\u00a0UBB","article_modified_time":"2025-09-12T06:38:15+00:00","og_image":[{"width":600,"height":400,"url":"https:\/\/entrepreneurship.centre.ubbcluj.ro\/wp-content\/uploads\/2025\/07\/depositphotos_23185896-stock-photo-handshake-hand-holding-on-black.webp","type":"image\/webp"}],"twitter_card":"summary_large_image","twitter_misc":{"Est. reading time":"1 minute"},"schema":{"@context":"https:\/\/schema.org","@graph":[{"@type":"WebPage","@id":"https:\/\/entrepreneurship.centre.ubbcluj.ro\/?page_id=1316&lang=de","url":"https:\/\/entrepreneurship.centre.ubbcluj.ro\/?page_id=1316&lang=de","name":"Lass uns \u00fcber dein Vorhaben sprechen! - Centrul de Antreprenoriat\u00a0UBB","isPartOf":{"@id":"https:\/\/entrepreneurship.centre.ubbcluj.ro\/#website"},"primaryImageOfPage":{"@id":"https:\/\/entrepreneurship.centre.ubbcluj.ro\/?page_id=1316&lang=de#primaryimage"},"image":{"@id":"https:\/\/entrepreneurship.centre.ubbcluj.ro\/?page_id=1316&lang=de#primaryimage"},"thumbnailUrl":"https:\/\/entrepreneurship.centre.ubbcluj.ro\/wp-content\/uploads\/2025\/07\/depositphotos_23185896-stock-photo-handshake-hand-holding-on-black.webp","datePublished":"2025-07-14T13:51:01+00:00","dateModified":"2025-09-12T06:38:15+00:00","breadcrumb":{"@id":"https:\/\/entrepreneurship.centre.ubbcluj.ro\/?page_id=1316&lang=de#breadcrumb"},"inLanguage":"en-US","potentialAction":[{"@type":"ReadAction","target":["https:\/\/entrepreneurship.centre.ubbcluj.ro\/?page_id=1316&lang=de"]}]},{"@type":"ImageObject","inLanguage":"en-US","@id":"https:\/\/entrepreneurship.centre.ubbcluj.ro\/?page_id=1316&lang=de#primaryimage","url":"https:\/\/entrepreneurship.centre.ubbcluj.ro\/wp-content\/uploads\/2025\/07\/depositphotos_23185896-stock-photo-handshake-hand-holding-on-black.webp","contentUrl":"https:\/\/entrepreneurship.centre.ubbcluj.ro\/wp-content\/uploads\/2025\/07\/depositphotos_23185896-stock-photo-handshake-hand-holding-on-black.webp","width":600,"height":400},{"@type":"BreadcrumbList","@id":"https:\/\/entrepreneurship.centre.ubbcluj.ro\/?page_id=1316&lang=de#breadcrumb","itemListElement":[{"@type":"ListItem","position":1,"name":"Home","item":"https:\/\/entrepreneurship.centre.ubbcluj.ro\/"},{"@type":"ListItem","position":2,"name":"Lass uns \u00fcber dein Vorhaben sprechen!"}]},{"@type":"WebSite","@id":"https:\/\/entrepreneurship.centre.ubbcluj.ro\/#website","url":"https:\/\/entrepreneurship.centre.ubbcluj.ro\/","name":"Centrul de Antreprenoriat\u00a0UBB","description":"","publisher":{"@id":"https:\/\/entrepreneurship.centre.ubbcluj.ro\/#organization"},"potentialAction":[{"@type":"SearchAction","target":{"@type":"EntryPoint","urlTemplate":"https:\/\/entrepreneurship.centre.ubbcluj.ro\/?s={search_term_string}"},"query-input":{"@type":"PropertyValueSpecification","valueRequired":true,"valueName":"search_term_string"}}],"inLanguage":"en-US"},{"@type":"Organization","@id":"https:\/\/entrepreneurship.centre.ubbcluj.ro\/#organization","name":"Centrul de Antreprenoriat\u00a0UBB","url":"https:\/\/entrepreneurship.centre.ubbcluj.ro\/","logo":{"@type":"ImageObject","inLanguage":"en-US","@id":"https:\/\/entrepreneurship.centre.ubbcluj.ro\/#\/schema\/logo\/image\/","url":"https:\/\/entrepreneurship.centre.ubbcluj.ro\/wp-content\/uploads\/2025\/05\/CdA-LOGO-RO.png","contentUrl":"https:\/\/entrepreneurship.centre.ubbcluj.ro\/wp-content\/uploads\/2025\/05\/CdA-LOGO-RO.png","width":1563,"height":482,"caption":"Centrul de Antreprenoriat\u00a0UBB"},"image":{"@id":"https:\/\/entrepreneurship.centre.ubbcluj.ro\/#\/schema\/logo\/image\/"}}]}},"rttpg_featured_image_url":null,"rttpg_author":{"display_name":"centru_antreprenor","author_link":"https:\/\/entrepreneurship.centre.ubbcluj.ro\/?author=1"},"rttpg_comment":0,"rttpg_category":" <a href=\"https:\/\/entrepreneurship.centre.ubbcluj.ro\/?lang=de\" rel=\"tag\">Deutsch<\/a>","rttpg_excerpt":"Lass uns \u00fcber dein Vorhaben sprechen! Du hast eine Idee? Oder brauchst du Klarheit \u00fcber deine n\u00e4chsten Schritte? Im Zentrum f\u00fcr Unternehmertum der Babe\u0219-Bolyai-Universit\u00e4t erwarten wir dich mit offenen T\u00fcren und einem offenen Terminkalender \u2013 f\u00fcr ein ehrliches, praxisnahes und pers\u00f6nliches Gespr\u00e4ch \u00fcber deine unternehmerische Zukunft. \ud83d\udccd 3. Etage der Juristischen Fakult\u00e4t, Raum 316. Wir&hellip;","_links":{"self":[{"href":"https:\/\/entrepreneurship.centre.ubbcluj.ro\/index.php?rest_route=\/wp\/v2\/pages\/1316","targetHints":{"allow":["GET"]}}],"collection":[{"href":"https:\/\/entrepreneurship.centre.ubbcluj.ro\/index.php?rest_route=\/wp\/v2\/pages"}],"about":[{"href":"https:\/\/entrepreneurship.centre.ubbcluj.ro\/index.php?rest_route=\/wp\/v2\/types\/page"}],"author":[{"embeddable":true,"href":"https:\/\/entrepreneurship.centre.ubbcluj.ro\/index.php?rest_route=\/wp\/v2\/users\/1"}],"replies":[{"embeddable":true,"href":"https:\/\/entrepreneurship.centre.ubbcluj.ro\/index.php?rest_route=%2Fwp%2Fv2%2Fcomments&post=1316"}],"version-history":[{"count":8,"href":"https:\/\/entrepreneurship.centre.ubbcluj.ro\/index.php?rest_route=\/wp\/v2\/pages\/1316\/revisions"}],"predecessor-version":[{"id":1973,"href":"https:\/\/entrepreneurship.centre.ubbcluj.ro\/index.php?rest_route=\/wp\/v2\/pages\/1316\/revisions\/1973"}],"wp:attachment":[{"href":"https:\/\/entrepreneurship.centre.ubbcluj.ro\/index.php?rest_route=%2Fwp%2Fv2%2Fmedia&parent=1316"}],"curies":[{"name":"wp","href":"https:\/\/api.w.org\/{rel}","templated":true}]}}